{"id":1044,"date":"2024-09-14T15:01:22","date_gmt":"2024-09-14T13:01:22","guid":{"rendered":"https:\/\/exverbis.pl\/?page_id=1044"},"modified":"2025-11-26T12:58:14","modified_gmt":"2025-11-26T11:58:14","slug":"sklep-2","status":"publish","type":"page","link":"https:\/\/exverbis.pl\/ru\/sklep-2\/","title":{"rendered":"\u0417\u0430\u043a\u0430\u0436\u0438\u0442\u0435 \u0435\u0433\u043e!"},"content":{"rendered":"<div id=\"pl-1044\"  class=\"panel-layout\" ><div id=\"pg-1044-0\"  class=\"panel-grid panel-no-style\" ><div id=\"pgc-1044-0-0\"  class=\"panel-grid-cell\" ><div id=\"panel-1044-0-0-0\" class=\"so-panel widget widget_media_image panel-first-child panel-last-child\" data-index=\"0\" ><img loading=\"lazy\" decoding=\"async\" width=\"218\" height=\"300\" src=\"https:\/\/exverbis.pl\/wp-content\/uploads\/2024\/09\/PHOTO-2024-09-14-18-37-42-218x300.jpg\" class=\"image wp-image-1074  attachment-medium size-medium\" alt=\"\" style=\"max-width: 100%; height: auto;\" srcset=\"https:\/\/exverbis.pl\/wp-content\/uploads\/2024\/09\/PHOTO-2024-09-14-18-37-42-218x300.jpg 218w, https:\/\/exverbis.pl\/wp-content\/uploads\/2024\/09\/PHOTO-2024-09-14-18-37-42-742x1024.jpg 742w, https:\/\/exverbis.pl\/wp-content\/uploads\/2024\/09\/PHOTO-2024-09-14-18-37-42-768x1059.jpg 768w, https:\/\/exverbis.pl\/wp-content\/uploads\/2024\/09\/PHOTO-2024-09-14-18-37-42-1114x1536.jpg 1114w, https:\/\/exverbis.pl\/wp-content\/uploads\/2024\/09\/PHOTO-2024-09-14-18-37-42-9x12.jpg 9w, https:\/\/exverbis.pl\/wp-content\/uploads\/2024\/09\/PHOTO-2024-09-14-18-37-42-600x828.jpg 600w, https:\/\/exverbis.pl\/wp-content\/uploads\/2024\/09\/PHOTO-2024-09-14-18-37-42.jpg 1160w\" sizes=\"auto, (max-width: 218px) 100vw, 218px\" \/><\/div><\/div><div id=\"pgc-1044-0-1\"  class=\"panel-grid-cell\" ><div id=\"panel-1044-0-1-0\" class=\"so-panel widget widget_text panel-first-child\" data-index=\"1\" >\t\t\t<div class=\"textwidget\"><h1>\u0417\u0430\u043a\u0430\u0436\u0438\u0442\u0435 \u0435\u0433\u043e!<\/h1>\n<h2>\u041a\u0430\u043a \u0432\u044b\u0433\u043b\u044f\u0434\u0438\u0442 \u043f\u0440\u043e\u0446\u0435\u0441\u0441 \u043e\u0444\u043e\u0440\u043c\u043b\u0435\u043d\u0438\u044f \u0437\u0430\u043a\u0430\u0437\u0430 \u0432 \u0438\u043d\u0442\u0435\u0440\u043d\u0435\u0442-\u043c\u0430\u0433\u0430\u0437\u0438\u043d\u0435?<\/h2>\n<p>\nTo kilka prostych krok\u00f3w, kt\u00f3re pozwol\u0105 Ci z\u0142o\u017cy\u0107 zam\u00f3wienie na t\u0142umaczenie po\u015bwiadczone Twoich dokument\u00f3w \u2014 bez wychodzenia z domu i zb\u0119dnej straty czasu. Szybko i wygodnie!\n<\/p>\n<p>\n<strong>\u041f\u043e\u0434\u0433\u043e\u0442\u043e\u0432\u044c\u0442\u0435:<\/strong>\n<\/p>\n<p>\n\u2013 skany dokument\u00f3w, kt\u00f3re chcesz przet\u0142umaczy\u0107,\n<\/p>\n<p>\n\u2013 skany paszport\u00f3w os\u00f3b, kt\u00f3rych dotycz\u0105 dokumenty.\n<\/p>\n<p>\nWszystko to do\u0142\u0105czysz do zam\u00f3wienia. Je\u015bli wolisz nie do\u0142\u0105cza\u0107 skan\u00f3w paszport\u00f3w \u2013 przepiszesz imiona i nazwiska do formularza.\n<\/p>\n<p>\n\u0412\u0441\u0435 \u0433\u043e\u0442\u043e\u0432\u043e? \u0414\u0430\u0432\u0430\u0439\u0442\u0435 \u043d\u0430\u0447\u0438\u043d\u0430\u0442\u044c!\n<\/p>\n<p>\n\u041f\u043e\u043f\u0440\u043e\u0431\u0443\u0439\u0442\u0435, \u044d\u0442\u043e \u043b\u0435\u0433\u043a\u043e!<\/p>\n<\/div>\n\t\t<\/div><div id=\"panel-1044-0-1-1\" class=\"so-panel widget widget_sow-button panel-last-child\" data-index=\"2\" ><div\n\t\t\t\n\t\t\tclass=\"so-widget-sow-button so-widget-sow-button-flat-5965f07404bd-1044\"\n\t\t\t\n\t\t><div class=\"ow-button-base ow-button-align-left\"\n>\n\t\t\t<a\n\t\t\t\t\thref=\"https:\/\/exverbis.pl\/ru\/sklep\/\"\n\t\t\t\t\tclass=\"sowb-button ow-icon-placement-left ow-button-hover\" \t>\n\t\t<span>\n\t\t\t\n\t\t\t\u0417\u0430\u043a\u0430\u0436\u0438\u0442\u0435 \u0435\u0433\u043e!\t\t<\/span>\n\t\t\t<\/a>\n\t<\/div>\n<\/div><\/div><\/div><\/div><\/div>","protected":false},"excerpt":{"rendered":"<p>Utw\u00f3rz zam\u00f3wienie Jak wygl\u0105da proces zam\u00f3wienia w sklepie? To kilka prostych krok\u00f3w, kt\u00f3re pozwol\u0105 Ci z\u0142o\u017cy\u0107 zam\u00f3wienie na t\u0142umaczenie po\u015bwiadczone Twoich dokument\u00f3w \u2014 bez wychodzenia z domu i zb\u0119dnej straty czasu. Szybko i wygodnie! Przygotuj \u2013 skany dokument\u00f3w, kt\u00f3re chcesz przet\u0142umaczy\u0107, \u2013 skany paszport\u00f3w os\u00f3b, kt\u00f3rych dotycz\u0105 dokumenty. Wszystko to do\u0142\u0105czysz do zam\u00f3wienia. Je\u015bli wolisz [&hellip;]<\/p>","protected":false},"author":1,"featured_media":0,"parent":0,"menu_order":0,"comment_status":"closed","ping_status":"closed","template":"","meta":{"_crdt_document":"","footnotes":""},"class_list":["post-1044","page","type-page","status-publish","hentry"],"aioseo_notices":[],"_links":{"self":[{"href":"https:\/\/exverbis.pl\/ru\/wp-json\/wp\/v2\/pages\/1044","targetHints":{"allow":["GET"]}}],"collection":[{"href":"https:\/\/exverbis.pl\/ru\/wp-json\/wp\/v2\/pages"}],"about":[{"href":"https:\/\/exverbis.pl\/ru\/wp-json\/wp\/v2\/types\/page"}],"author":[{"embeddable":true,"href":"https:\/\/exverbis.pl\/ru\/wp-json\/wp\/v2\/users\/1"}],"replies":[{"embeddable":true,"href":"https:\/\/exverbis.pl\/ru\/wp-json\/wp\/v2\/comments?post=1044"}],"version-history":[{"count":17,"href":"https:\/\/exverbis.pl\/ru\/wp-json\/wp\/v2\/pages\/1044\/revisions"}],"predecessor-version":[{"id":1847,"href":"https:\/\/exverbis.pl\/ru\/wp-json\/wp\/v2\/pages\/1044\/revisions\/1847"}],"wp:attachment":[{"href":"https:\/\/exverbis.pl\/ru\/wp-json\/wp\/v2\/media?parent=1044"}],"curies":[{"name":"wp","href":"https:\/\/api.w.org\/{rel}","templated":true}]}}