{"id":1238,"date":"2024-09-29T12:30:39","date_gmt":"2024-09-29T10:30:39","guid":{"rendered":"https:\/\/exverbis.pl\/?page_id=1238"},"modified":"2025-11-26T12:53:27","modified_gmt":"2025-11-26T11:53:27","slug":"polityka-prywatnosci","status":"publish","type":"page","link":"https:\/\/exverbis.pl\/ru\/polityka-prywatnosci\/","title":{"rendered":"\u041f\u043e\u043b\u0438\u0442\u0438\u043a\u0430 \u043a\u043e\u043d\u0444\u0438\u0434\u0435\u043d\u0446\u0438\u0430\u043b\u044c\u043d\u043e\u0441\u0442\u0438"},"content":{"rendered":"<div id=\"pl-gb1238-69e53897dacd3\"  class=\"panel-layout\" ><div id=\"pg-gb1238-69e53897dacd3-0\"  class=\"panel-grid panel-no-style\" ><div id=\"pgc-gb1238-69e53897dacd3-0-0\"  class=\"panel-grid-cell\" ><div id=\"panel-gb1238-69e53897dacd3-0-0-0\" class=\"so-panel widget widget_sow-editor panel-first-child panel-last-child\" data-index=\"0\" ><div\n\t\t\t\n\t\t\tclass=\"so-widget-sow-editor so-widget-sow-editor-base\"\n\t\t\t\n\t\t>\n<div class=\"siteorigin-widget-tinymce textwidget\">\n\t<h1><strong>POLITYKA PRYWATNO\u015aCI www.exverbis.pl<\/strong><\/h1>\n<h2><strong>\u00a71.<\/strong><\/h2>\n<h2><strong>\u041e\u0411\u0429\u0418\u0415 \u041f\u041e\u041b\u041e\u0416\u0415\u041d\u0418\u042f<\/strong><\/h2>\n<p>\n1.1. Polityka prywatno\u015bci okre\u015bla, jak zbierane, przetwarzane i przechowywane s\u0105 dane osobowe U\u017cytkownik\u00f3w niezb\u0119dne do \u015bwiadczenia us\u0142ug drog\u0105 elektroniczn\u0105 za po\u015brednictwem serwisu internetowego exverbis.pl (dalej: Serwis).\n<\/p>\n<p>\n1.2.\t \u0421\u0435\u0440\u0432\u0438\u0441 \u0441\u043e\u0431\u0438\u0440\u0430\u0435\u0442 \u0438\u0441\u043a\u043b\u044e\u0447\u0438\u0442\u0435\u043b\u044c\u043d\u043e \u043f\u0435\u0440\u0441\u043e\u043d\u0430\u043b\u044c\u043d\u044b\u0435 \u0434\u0430\u043d\u043d\u044b\u0435, \u043d\u0435\u043e\u0431\u0445\u043e\u0434\u0438\u043c\u044b\u0435 \u0434\u043b\u044f \u043e\u043a\u0430\u0437\u0430\u043d\u0438\u044f \u0438 \u0440\u0430\u0437\u0432\u0438\u0442\u0438\u044f \u043f\u0440\u0435\u0434\u043b\u0430\u0433\u0430\u0435\u043c\u044b\u0445 \u043d\u0430 \u043d\u0435\u043c \u0443\u0441\u043b\u0443\u0433.\n<\/p>\n<p>\n1.3.\t \u041f\u0435\u0440\u0441\u043e\u043d\u0430\u043b\u044c\u043d\u044b\u0435 \u0434\u0430\u043d\u043d\u044b\u0435, \u0441\u043e\u0431\u0438\u0440\u0430\u0435\u043c\u044b\u0435 \u043f\u043e\u0441\u0440\u0435\u0434\u0441\u0442\u0432\u043e\u043c \u0421\u0435\u0440\u0432\u0438\u0441\u0430, \u043e\u0431\u0440\u0430\u0431\u0430\u0442\u044b\u0432\u0430\u044e\u0442\u0441\u044f \u0432 \u0441\u043e\u043e\u0442\u0432\u0435\u0442\u0441\u0442\u0432\u0438\u0438 \u0441 \u0420\u0435\u0433\u043b\u0430\u043c\u0435\u043d\u0442\u043e\u043c \u0415\u0432\u0440\u043e\u043f\u0435\u0439\u0441\u043a\u043e\u0433\u043e \u043f\u0430\u0440\u043b\u0430\u043c\u0435\u043d\u0442\u0430 \u0438 \u0421\u043e\u0432\u0435\u0442\u0430 (\u0415\u0421) 2016\/679 \u043e\u0442 27 \u0430\u043f\u0440\u0435\u043b\u044f 2016 \u0433. \u043e \u0437\u0430\u0449\u0438\u0442\u0435 \u0444\u0438\u0437\u0438\u0447\u0435\u0441\u043a\u0438\u0445 \u043b\u0438\u0446 \u0432 \u043e\u0442\u043d\u043e\u0448\u0435\u043d\u0438\u0438 \u043e\u0431\u0440\u0430\u0431\u043e\u0442\u043a\u0438 \u043f\u0435\u0440\u0441\u043e\u043d\u0430\u043b\u044c\u043d\u044b\u0445 \u0434\u0430\u043d\u043d\u044b\u0445 \u0438 \u043e \u0441\u0432\u043e\u0431\u043e\u0434\u043d\u043e\u043c \u043f\u0435\u0440\u0435\u043c\u0435\u0449\u0435\u043d\u0438\u0438 \u0442\u0430\u043a\u0438\u0445 \u0434\u0430\u043d\u043d\u044b\u0445 \u0438 \u043e\u0442\u043c\u0435\u043d\u0435 \u0414\u0438\u0440\u0435\u043a\u0442\u0438\u0432\u044b 95\/46 \/ EC (\u041e\u0431\u0449\u0438\u0435 \u043f\u0440\u0430\u0432\u0438\u043b\u0430 \u0437\u0430\u0449\u0438\u0442\u044b \u0434\u0430\u043d\u043d\u044b\u0445, \u0434\u0430\u043b\u0435\u0435 \u041e\u041f\u0417\u0414), \u0430 \u0442\u0430\u043a\u0436\u0435 \u0437\u0430\u043a\u043e\u043d\u043e\u043c \u043e \u0437\u0430\u0449\u0438\u0442\u0435 \u043f\u0435\u0440\u0441\u043e\u043d\u0430\u043b\u044c\u043d\u044b\u0445 \u0434\u0430\u043d\u043d\u044b\u0445 \u043e\u0442 10 \u043c\u0430\u044f 2018 \u0433.\n<\/p>\n<h2><strong>\u00a72.<\/strong><\/h2>\n<h2><strong>\u0410\u0414\u041c\u0418\u041d\u0418\u0421\u0422\u0420\u0410\u0422\u041e\u0420 \u0414\u0410\u041d\u041d\u042b\u0425<\/strong><\/h2>\n<p>\nAdministratorem danych osobowych zbieranych poprzez Serwis jest Biuro T\u0142umacze\u0144 \u201eEx Verbis\u201d Karolina Romanowska, adres: ul. Cha\u0142ubi\u0144skiego 9 lok. 2, 02-004 Warszawa, NIP: 1132097669, REGON: 140420096, adres poczty elektronicznej: exverbis@exverbis.pl (dalej: Administrator).\n<\/p>\n<h2><strong>\u00a73.<\/strong><\/h2>\n<h2><strong>\u0426\u0415\u041b\u042c \u0421\u0411\u041e\u0420\u0410 \u041f\u0415\u0420\u0421\u041e\u041d\u0410\u041b\u042c\u041d\u042b\u0425 \u0414\u0410\u041d\u041d\u042b\u0425<\/strong><\/h2>\n<p>\n3.1. \u041f\u0435\u0440\u0441\u043e\u043d\u0430\u043b\u044c\u043d\u044b\u0435 \u0434\u0430\u043d\u043d\u044b\u0435 \u0438\u0441\u043f\u043e\u043b\u044c\u0437\u0443\u044e\u0442\u0441\u044f \u0432 \u0446\u0435\u043b\u044f\u0445:\n<\/p>\n<ul>\n<li>\u0440\u0435\u0433\u0438\u0441\u0442\u0440\u0430\u0446\u0438\u0438 \u0430\u043a\u043a\u0430\u0443\u043d\u0442\u0430 \u0438 \u043f\u0440\u043e\u0432\u0435\u0440\u043a\u0438 \u043b\u0438\u0447\u043d\u043e\u0441\u0442\u0438 \u041f\u043e\u043b\u044c\u0437\u043e\u0432\u0430\u0442\u0435\u043b\u044f,<\/li>\n<li>\u043f\u0440\u0435\u0434\u043e\u0441\u0442\u0430\u0432\u043b\u0435\u043d\u0438\u044f \u0432\u043e\u0437\u043c\u043e\u0436\u043d\u043e\u0441\u0442\u0438 \u0432\u0445\u043e\u0434\u0430 \u0432 \u0421\u0435\u0440\u0432\u0438\u0441,<\/li>\n<li>\u0438\u0441\u043f\u043e\u043b\u043d\u0435\u043d\u0438\u044f \u0434\u043e\u0433\u043e\u0432\u043e\u0440\u0430 \u043e\u0442\u043d\u043e\u0441\u0438\u0442\u0435\u043b\u044c\u043d\u043e \u0443\u0441\u043b\u0443\u0433 \u0438 \u044d\u043b\u0435\u043a\u0442\u0440\u043e\u043d\u043d\u044b\u0445 \u0443\u0441\u043b\u0443\u0433,<\/li>\n<li>\u043a\u043e\u043c\u043c\u0443\u043d\u0438\u043a\u0430\u0446\u0438\u0438 \u0441 \u041f\u043e\u043b\u044c\u0437\u043e\u0432\u0430\u0442\u0435\u043b\u0435\u043c (\u0447\u0430\u0442, \u043a\u043e\u043d\u0442\u0430\u043a\u0442\u043d\u044b\u0439 \u0444\u043e\u0440\u043c\u0443\u043b\u044f\u0440 \u0438 \u0442.\u043f.),<\/li>\n<li>\u043e\u0442\u043f\u0440\u0430\u0432\u043a\u0438 \u0438\u043d\u0444\u043e\u0440\u043c\u0430\u0446\u0438\u043e\u043d\u043d\u043e\u0433\u043e \u0431\u044e\u043b\u043b\u0435\u0442\u0435\u043d\u044f (\u043f\u043e\u0441\u043b\u0435 \u0432\u044b\u0440\u0430\u0436\u0435\u043d\u0438\u044f \u041f\u043e\u043b\u044c\u0437\u043e\u0432\u0430\u0442\u0435\u043b\u0435\u043c \u0441\u043e\u0433\u043b\u0430\u0441\u0438\u044f \u043d\u0430 \u0435\u0433\u043e \u043f\u043e\u043b\u0443\u0447\u0435\u043d\u0438\u0435),<\/li>\n<li>\u0432\u0435\u0434\u0435\u043d\u0438\u044f \u0441\u0438\u0441\u0442\u0435\u043c\u044b \u043a\u043e\u043c\u043c\u0435\u043d\u0442\u0430\u0440\u0438\u0435\u0432,<\/li>\n<li>\u043e\u043a\u0430\u0437\u0430\u043d\u0438\u044f \u0441\u043e\u0446\u0438\u0430\u043b\u044c\u043d\u044b\u0445 \u0443\u0441\u043b\u0443\u0433,<\/li>\n<li>\u043f\u0440\u043e\u0434\u0432\u0438\u0436\u0435\u043d\u0438\u044f \u043e\u0444\u0435\u0440\u0442\u044b \u0410\u0434\u043c\u0438\u043d\u0438\u0441\u0442\u0440\u0430\u0442\u043e\u0440\u0430,<\/li>\n<li>\u043c\u0430\u0440\u043a\u0435\u0442\u0438\u043d\u0433\u0430, \u0440\u0435\u043c\u0430\u0440\u043a\u0435\u0442\u0438\u043d\u0433\u0430, \u0430\u0444\u0444\u0438\u043b\u0438\u0430\u0446\u0438\u0438,<\/li>\n<li>\u043f\u0435\u0440\u0441\u043e\u043d\u0430\u043b\u0438\u0437\u0430\u0446\u0438\u0438 \u0421\u0435\u0440\u0432\u0438\u0441\u0430 \u0434\u043b\u044f \u041f\u043e\u043b\u044c\u0437\u043e\u0432\u0430\u0442\u0435\u043b\u0435\u0439,<\/li>\n<li>\u0430\u043d\u0430\u043b\u0438\u0442\u0438\u0447\u0435\u0441\u043a\u043e\u0439 \u0438 \u0441\u0442\u0430\u0442\u0438\u0441\u0442\u0438\u0447\u0435\u0441\u043a\u043e\u0439 \u0434\u0435\u044f\u0442\u0435\u043b\u044c\u043d\u043e\u0441\u0442\u0438,<\/li>\n<li>\u0432\u0437\u044b\u0441\u043a\u0430\u043d\u0438\u044f \u0434\u0435\u0431\u0438\u0442\u043e\u0440\u0441\u043a\u043e\u0439 \u0437\u0430\u0434\u043e\u043b\u0436\u0435\u043d\u043d\u043e\u0441\u0442\u0438,<\/li>\n<li>\u0443\u0440\u0435\u0433\u0443\u043b\u0438\u0440\u043e\u0432\u0430\u043d\u0438\u044f \u0438 \u0440\u0430\u0441\u0441\u043b\u0435\u0434\u043e\u0432\u0430\u043d\u0438\u044f \u043f\u0440\u0435\u0442\u0435\u043d\u0437\u0438\u0439, \u043b\u0438\u0431\u043e \u0437\u0430\u0449\u0438\u0442\u044b \u043e\u0442 \u043d\u0438\u0445<\/li>\n<\/ul>\n<p>\n3.2. \u041f\u0440\u0435\u0434\u043e\u0441\u0442\u0430\u0432\u043b\u0435\u043d\u0438\u0435 \u0434\u0430\u043d\u043d\u044b\u0445 \u044f\u0432\u043b\u044f\u0435\u0442\u0441\u044f \u0434\u043e\u0431\u0440\u043e\u0432\u043e\u043b\u044c\u043d\u044b\u043c, \u043d\u043e \u043d\u0435\u043e\u0431\u0445\u043e\u0434\u0438\u043c\u044b\u043c \u0434\u043b\u044f \u0437\u0430\u043a\u043b\u044e\u0447\u0435\u043d\u0438\u044f \u0434\u043e\u0433\u043e\u0432\u043e\u0440\u0430, \u043b\u0438\u0431\u043e \u043f\u043e\u043b\u044c\u0437\u043e\u0432\u0430\u043d\u0438\u044f \u0434\u0440\u0443\u0433\u0438\u043c\u0438 \u0444\u0443\u043d\u043a\u0446\u0438\u043e\u043d\u0430\u043b\u0430\u043c\u0438 \u0421\u0435\u0440\u0432\u0438\u0441\u0430.\n<\/p>\n<h2><strong>\u00a74.<\/strong><\/h2>\n<h2><strong>\u0412\u0418\u0414 \u041e\u0411\u0420\u0410\u0411\u0410\u0422\u042b\u0412\u0410\u0415\u041c\u042b\u0425 \u041f\u0415\u0420\u0421\u041e\u041d\u0410\u041b\u042c\u041d\u042b\u0425 \u0414\u0410\u041d\u041d\u042b\u0425<\/strong><\/h2>\n<p>\nAdministrator mo\u017ce przetwarza\u0107 dane osobowe U\u017cytkownika: imi\u0119 i nazwisko, data urodzenia, adres zamieszkania, adres e-mail, numer telefonu, NIP.\n<\/p>\n<h2><strong>\u00a75.<\/strong><\/h2>\n<h2><strong>\u041f\u0415\u0420\u0418\u041e\u0414 \u041e\u0411\u0420\u0410\u0411\u041e\u0422\u041a\u0418 \u041f\u0415\u0420\u0421\u041e\u041d\u0410\u041b\u042c\u041d\u042b\u0425 \u0414\u0410\u041d\u041d\u042b\u0425<\/strong><\/h2>\n<p>\n\u041f\u0435\u0440\u0441\u043e\u043d\u0430\u043b\u044c\u043d\u044b\u0435 \u0434\u0430\u043d\u043d\u044b\u0435 \u041f\u043e\u043b\u044c\u0437\u043e\u0432\u0430\u0442\u0435\u043b\u0435\u0439 \u0431\u0443\u0434\u0443\u0442 \u043e\u0431\u0440\u0430\u0431\u0430\u0442\u044b\u0432\u0430\u0442\u044c\u0441\u044f \u0432 \u0442\u0435\u0447\u0435\u043d\u0438\u0435 \u043f\u0435\u0440\u0438\u043e\u0434\u0430:\n<\/p>\n<p>\n\u0435\u0441\u043b\u0438 \u043e\u0441\u043d\u043e\u0432\u0430\u043d\u0438\u0435\u043c \u0434\u043b\u044f \u043e\u0431\u0440\u0430\u0431\u043e\u0442\u043a\u0438 \u0434\u0430\u043d\u043d\u044b\u0445 \u044f\u0432\u043b\u044f\u0435\u0442\u0441\u044f \u0438\u0441\u043f\u043e\u043b\u043d\u0435\u043d\u0438\u0435 \u0434\u043e\u0433\u043e\u0432\u043e\u0440\u0430 \u2013 \u0434\u043e \u043c\u043e\u043c\u0435\u043d\u0442\u0430 \u0438\u0441\u0442\u0435\u0447\u0435\u043d\u0438\u044f \u0441\u0440\u043e\u043a\u0430 \u0434\u0430\u0432\u043d\u043e\u0441\u0442\u0438 \u043f\u0440\u0435\u0442\u0435\u043d\u0437\u0438\u0439 \u043f\u043e\u0441\u043b\u0435 \u0435\u0433\u043e \u0438\u0441\u043f\u043e\u043b\u043d\u0435\u043d\u0438\u044f,\n<\/p>\n<p>\ngdy podstaw\u0105 przetwarzania danych jest zgoda \u2013 do momentu jej odwo\u0142ania, a po odwo\u0142aniu zgody do przedawnienia roszcze\u0144.\n<\/p>\n<p>\nW obu przypadkach termin przedawnienia wynosi 6 lat, a dla roszcze\u0144 o \u015bwiadczenia okresowe i roszcze\u0144 dotycz\u0105cych prowadzenia dzia\u0142alno\u015bci gospodarczej \u2013 3 lata (je\u015bli przepis szczeg\u00f3lny nie stanowi inaczej).\n<\/p>\n<h2><strong>\u00a76.<\/strong><\/h2>\n<h2><strong>\u041f\u0420\u0415\u0414\u041e\u0421\u0422\u0410\u0412\u041b\u0415\u041d\u0418\u0415 \u041f\u0415\u0420\u0421\u041e\u041d\u0410\u041b\u042c\u041d\u042b\u0425 \u0414\u0410\u041d\u041d\u042b\u0425<\/strong><\/h2>\n<p>\n6.1. \u041f\u0435\u0440\u0441\u043e\u043d\u0430\u043b\u044c\u043d\u044b\u0435 \u0434\u0430\u043d\u043d\u044b\u0435 \u041f\u043e\u043b\u044c\u0437\u043e\u0432\u0430\u0442\u0435\u043b\u0435\u0439 \u043c\u043e\u0433\u0443\u0442 \u043f\u0435\u0440\u0435\u0434\u0430\u0432\u0430\u0442\u044c\u0441\u044f: \u0441\u0443\u0431\u044a\u0435\u043a\u0442\u0430\u043c, \u0441\u0432\u044f\u0437\u0430\u043d\u043d\u044b\u043c \u0441 \u0410\u0434\u043c\u0438\u043d\u0438\u0441\u0442\u0440\u0430\u0442\u043e\u0440\u043e\u043c, \u0435\u0433\u043e \u0441\u0443\u0431\u043f\u043e\u0434\u0440\u044f\u0434\u0447\u0438\u043a\u0430\u043c, \u0441\u0443\u0431\u044a\u0435\u043a\u0442\u0430\u043c, \u0441\u043e\u0442\u0440\u0443\u0434\u043d\u0438\u0447\u0430\u044e\u0449\u0438\u043c \u0441 \u0410\u0434\u043c\u0438\u043d\u0438\u0441\u0442\u0440\u0430\u0442\u043e\u0440\u043e\u043c, \u043d\u0430\u043f\u0440\u0438\u043c\u0435\u0440, \u043a\u043e\u043c\u043f\u0430\u043d\u0438\u044f\u043c, \u043e\u0431\u0441\u043b\u0443\u0436\u0438\u0432\u0430\u044e\u0449\u0438\u043c \u044d\u043b\u0435\u043a\u0442\u0440\u043e\u043d\u043d\u044b\u0435 \u043f\u043b\u0430\u0442\u0435\u0436\u0438, \u043a\u043e\u043c\u043f\u0430\u043d\u0438\u044f\u043c, \u043f\u0440\u0435\u0434\u043e\u0441\u0442\u0430\u0432\u043b\u044f\u044e\u0449\u0438\u043c \u0431\u0443\u0445\u0433\u0430\u043b\u0442\u0435\u0440\u0441\u043a\u0438\u0435, \u043a\u0443\u0440\u044c\u0435\u0440\u0441\u043a\u0438\u0435\/\u043f\u043e\u0447\u0442\u043e\u0432\u044b\u0435 \u0443\u0441\u043b\u0443\u0433\u0438, \u044e\u0440\u0438\u0434\u0438\u0447\u0435\u0441\u043a\u0438\u043c \u0444\u0438\u0440\u043c\u0430\u043c.\n<\/p>\n<p>\n6.2. \u041f\u0435\u0440\u0441\u043e\u043d\u0430\u043b\u044c\u043d\u044b\u0435 \u0434\u0430\u043d\u043d\u044b\u0435 \u041f\u043e\u043b\u044c\u0437\u043e\u0432\u0430\u0442\u0435\u043b\u0435\u0439 \u043d\u0435 \u0431\u0443\u0434\u0443\u0442 \u043f\u0435\u0440\u0435\u0434\u0430\u0432\u0430\u0442\u044c\u0441\u044f \u0437\u0430 \u043f\u0440\u0435\u0434\u0435\u043b\u044b \u0415\u0432\u0440\u043e\u043f\u0435\u0439\u0441\u043a\u043e\u0433\u043e \u044d\u043a\u043e\u043d\u043e\u043c\u0438\u0447\u0435\u0441\u043a\u043e\u0433\u043e \u043f\u0440\u043e\u0441\u0442\u0440\u0430\u043d\u0441\u0442\u0432\u0430 (\u0415\u042d\u041f).\n<\/p>\n<h2><strong>\u00a77.<\/strong><\/h2>\n<h2><strong>\u041f\u0420\u0410\u0412\u0410 \u041f\u041e\u041b\u042c\u0417\u041e\u0412\u0410\u0422\u0415\u041b\u0415\u0419<\/strong><\/h2>\n<p>\n7.1. U\u017cytkownik Serwisu ma prawo do: dost\u0119pu do tre\u015bci swoich danych osobowych, ich sprostowania, usuni\u0119cia, ograniczenia przetwarzania, przenoszenia, wniesienia sprzeciwu wobec przetwarzania, cofni\u0119cia zgody w ka\u017cdej chwili (co nie ma wp\u0142ywu na zgodno\u015b\u0107 z prawem przetwarzania dokonanego w oparciu o zgod\u0119 przed jej cofni\u0119ciem).\n<\/p>\n<p>\n7.2. Zg\u0142oszenie o wyst\u0105pieniu przez U\u017cytkownika z uprawnieniem wynikaj\u0105cym z wymienionych praw nale\u017cy przes\u0142a\u0107 na adres exverbis@exverbis.pl\n<\/p>\n<p>\n7.3. Administrator spe\u0142nia lub odmawia spe\u0142nienia \u017c\u0105dania niezw\u0142ocznie \u2013 maksymalnie w ci\u0105gu miesi\u0105ca od jego otrzymania.\n<\/p>\n<p>\n7.4. \u041f\u043e\u043b\u044c\u0437\u043e\u0432\u0430\u0442\u0435\u043b\u044c \u0438\u043c\u0435\u0435\u0442 \u043f\u0440\u0430\u0432\u043e \u043f\u043e\u0434\u0430\u0442\u044c \u0436\u0430\u043b\u043e\u0431\u0443 \u0433\u043b\u0430\u0432\u0435 \u0423\u043f\u0440\u0430\u0432\u043b\u0435\u043d\u0438\u044f \u043f\u043e \u0437\u0430\u0449\u0438\u0442\u0435 \u043f\u0435\u0440\u0441\u043e\u043d\u0430\u043b\u044c\u043d\u044b\u0445 \u0434\u0430\u043d\u043d\u044b\u0445, \u0435\u0441\u043b\u0438 \u0441\u043e\u0447\u0442\u0435\u0442, \u0447\u0442\u043e \u043e\u0431\u0440\u0430\u0431\u043e\u0442\u043a\u0430 \u043d\u0430\u0440\u0443\u0448\u0430\u0435\u0442 \u0435\u0433\u043e \u043f\u0440\u0430\u0432\u0430 \u0438 \u0441\u0432\u043e\u0431\u043e\u0434\u044b (\u041e\u041f\u0417\u0414).\n<\/p>\n<h2><strong>\u00a78.<\/strong><\/h2>\n<h2><strong>\u0424\u0410\u0419\u041b\u042b COOKIES<\/strong><\/h2>\n<p>\n8.1. \u0421\u0435\u0440\u0432\u0438\u0441 \u0441\u043e\u0431\u0438\u0440\u0430\u0435\u0442 \u0438\u043d\u0444\u043e\u0440\u043c\u0430\u0446\u0438\u044e \u043f\u0440\u0438 \u043f\u043e\u043c\u043e\u0449\u0438 \u0444\u0430\u0439\u043b\u043e\u0432 cookies \u2013 \u0441\u0435\u0441\u0441\u0438\u043e\u043d\u043d\u044b\u0445, \u043f\u043e\u0441\u0442\u043e\u044f\u043d\u043d\u044b\u0445 \u0438 \u043e\u0442 \u0441\u0442\u043e\u0440\u043e\u043d\u043d\u0438\u0445 \u0441\u0443\u0431\u044a\u0435\u043a\u0442\u043e\u0432.\n<\/p>\n<p>\n8.2. \u0421\u0431\u043e\u0440 \u0444\u0430\u0439\u043b\u043e\u0432 cookies \u0441\u043f\u043e\u0441\u043e\u0431\u0441\u0442\u0432\u0443\u0435\u0442 \u043a\u043e\u0440\u0440\u0435\u043a\u0442\u043d\u043e\u043c\u0443 \u043e\u043a\u0430\u0437\u0430\u043d\u0438\u044e \u0443\u0441\u043b\u0443\u0433 \u0432 \u0421\u0435\u0440\u0432\u0438\u0441\u0435 \u0438 \u0441\u043b\u0443\u0436\u0438\u0442 \u0434\u043b\u044f \u0441\u0442\u0430\u0442\u0438\u0441\u0442\u0438\u0447\u0435\u0441\u043a\u0438\u0445 \u0446\u0435\u043b\u0435\u0439.\n<\/p>\n<p>\n8.3. \u041f\u043e\u043b\u044c\u0437\u043e\u0432\u0430\u0442\u0435\u043b\u044c \u043c\u043e\u0436\u0435\u0442 \u043e\u043f\u0440\u0435\u0434\u0435\u043b\u0438\u0442\u044c \u0434\u0438\u0430\u043f\u0430\u0437\u043e\u043d \u0434\u043e\u0441\u0442\u0443\u043f\u0430 \u0444\u0430\u0439\u043b\u043e\u0432 cookies \u043a \u0441\u0432\u043e\u0435\u043c\u0443 \u0443\u0441\u0442\u0440\u043e\u0439\u0441\u0442\u0432\u0443 \u0432 \u043d\u0430\u0441\u0442\u0440\u043e\u0439\u043a\u0430\u0445 \u0431\u0440\u0430\u0443\u0437\u0435\u0440\u0430.\n<\/p>\n<h2><strong>\u00a79.<\/strong><\/h2>\n<h2><strong>\u0410\u0412\u0422\u041e\u041c\u0410\u0422\u0418\u0417\u0418\u0420\u041e\u0412\u0410\u041d\u041d\u041e\u0415 \u041f\u0420\u0418\u041d\u042f\u0422\u0418\u0415 \u0420\u0415\u0428\u0415\u041d\u0418\u0419 \u0418 \u041f\u0420\u041e\u0424\u0418\u041b\u0418\u0420\u041e\u0412\u0410\u041d\u0418\u0415<\/strong><\/h2>\n<p>\n9.1. \u0414\u0430\u043d\u043d\u044b\u0435 \u041f\u043e\u043b\u044c\u0437\u043e\u0432\u0430\u0442\u0435\u043b\u0435\u0439 \u043d\u0435 \u043c\u043e\u0433\u0443\u0442 \u043e\u0431\u0440\u0430\u0431\u0430\u0442\u044b\u0432\u0430\u0442\u044c\u0441\u044f \u0430\u0432\u0442\u043e\u043c\u0430\u0442\u0438\u0437\u0438\u0440\u043e\u0432\u0430\u043d\u043d\u044b\u043c \u0441\u043f\u043e\u0441\u043e\u0431\u043e\u043c \u0442\u0430\u043a, \u0447\u0442\u043e \u0432\u0441\u043b\u0435\u0434\u0441\u0442\u0432\u0438\u0435 \u044d\u0442\u043e\u0433\u043e \u043f\u043e \u043e\u0442\u043d\u043e\u0448\u0435\u043d\u0438\u044e \u043a \u043d\u0438\u043c \u043c\u043e\u0433\u043b\u0438 \u0431\u044b \u0431\u044b\u0442\u044c \u043f\u0440\u0438\u043d\u044f\u0442\u044b \u043a\u0430\u043a\u0438\u0435-\u043b\u0438\u0431\u043e \u0440\u0435\u0448\u0435\u043d\u0438\u044f.\n<\/p>\n<p>\n9.2. \u0414\u0430\u043d\u043d\u044b\u0435 \u041f\u043e\u043b\u044c\u0437\u043e\u0432\u0430\u0442\u0435\u043b\u0435\u0439, \u043f\u043e\u0441\u043b\u0435 \u0432\u044b\u0440\u0430\u0436\u0435\u043d\u0438\u044f \u0438\u043c\u0438 \u0441\u043e\u0433\u043b\u0430\u0441\u0438\u044f, \u043c\u043e\u0433\u0443\u0442 \u043f\u0440\u043e\u0444\u0438\u043b\u0438\u0440\u043e\u0432\u0430\u0442\u044c\u0441\u044f \u0432 \u0446\u0435\u043b\u044f\u0445 \u0430\u0434\u0430\u043f\u0442\u0430\u0446\u0438\u0438 \u043a\u043e\u043d\u0442\u0435\u043d\u0442\u0430 \u0438 \u043f\u0435\u0440\u0441\u043e\u043d\u0430\u043b\u0438\u0437\u0430\u0446\u0438\u0438 \u043e\u0444\u0435\u0440\u0442\u044b.\n<\/p>\n<h2><strong>\u00a710.<\/strong><\/h2>\n<h2><strong>\u0417\u0410\u041a\u041b\u042e\u0427\u0418\u0422\u0415\u041b\u042c\u041d\u042b\u0415 \u041f\u041e\u041b\u041e\u0416\u0415\u041d\u0418\u042f<\/strong><\/h2>\n<p>\n10.1. \u0410\u0434\u043c\u0438\u043d\u0438\u0441\u0442\u0440\u0430\u0442\u043e\u0440 \u0438\u043c\u0435\u0435\u0442 \u043f\u0440\u0430\u0432\u043e \u043d\u0430 \u0432\u043d\u0435\u0441\u0435\u043d\u0438\u0435 \u0438\u0437\u043c\u0435\u043d\u0435\u043d\u0438\u0439 \u0432 \u041f\u043e\u043b\u0438\u0442\u0438\u043a\u0443 \u043a\u043e\u043d\u0444\u0438\u0434\u0435\u043d\u0446\u0438\u0430\u043b\u044c\u043d\u043e\u0441\u0442\u0438, \u043f\u0440\u0438 \u044d\u0442\u043e\u043c \u043f\u0440\u0430\u0432\u0430 \u041f\u043e\u043b\u044c\u0437\u043e\u0432\u0430\u0442\u0435\u043b\u0435\u0439 \u043d\u0435 \u0431\u0443\u0434\u0443\u0442 \u043e\u0433\u0440\u0430\u043d\u0438\u0447\u0435\u043d\u044b.\n<\/p>\n<p>\n10.2. \u0418\u043d\u0444\u043e\u0440\u043c\u0430\u0446\u0438\u044f \u043e\u0431 \u0438\u0437\u043c\u0435\u043d\u0435\u043d\u0438\u044f\u0445 \u043f\u043e\u044f\u0432\u0438\u0442\u0441\u044f \u0432 \u0444\u043e\u0440\u043c\u0435 \u0441\u043e\u043e\u0431\u0449\u0435\u043d\u0438\u044f, \u0434\u043e\u0441\u0442\u0443\u043f\u043d\u043e\u0433\u043e \u0432 \u0421\u0435\u0440\u0432\u0438\u0441\u0435.\n<\/p>\n<p>\n10.3. \u0412 \u0432\u043e\u043f\u0440\u043e\u0441\u0430\u0445, \u043d\u0435 \u0443\u0440\u0435\u0433\u0443\u043b\u0438\u0440\u043e\u0432\u0430\u043d\u043d\u044b\u0445 \u0432 \u043d\u0430\u0441\u0442\u043e\u044f\u0449\u0435\u0439 \u041f\u043e\u043b\u0438\u0442\u0438\u043a\u0435 \u043a\u043e\u043d\u0444\u0438\u0434\u0435\u043d\u0446\u0438\u0430\u043b\u044c\u043d\u043e\u0441\u0442\u0438, \u0434\u0435\u0439\u0441\u0442\u0432\u0443\u044e\u0442 \u043f\u0440\u0430\u0432\u0438\u043b\u0430 \u041e\u041f\u0417\u0414 \u0438 \u043f\u0440\u0430\u0432\u0438\u043b\u0430 \u043f\u043e\u043b\u044c\u0441\u043a\u043e\u0433\u043e \u0437\u0430\u043a\u043e\u043d\u043e\u0434\u0430\u0442\u0435\u043b\u044c\u0441\u0442\u0432\u0430.<\/p>\n<\/div>\n<\/div><\/div><\/div><\/div><\/div>\n\n\n<p class=\"wp-block-paragraph\"><\/p>","protected":false},"excerpt":{"rendered":"<p>POLITYKA PRYWATNO\u015aCI www.exverbis.pl \u00a71. POSTANOWIENIA OG\u00d3LNE 1.1. Polityka prywatno\u015bci okre\u015bla, jak zbierane, przetwarzane i przechowywane s\u0105 dane osobowe U\u017cytkownik\u00f3w niezb\u0119dne do \u015bwiadczenia us\u0142ug drog\u0105 elektroniczn\u0105 za po\u015brednictwem serwisu internetowego exverbis.pl (dalej: Serwis). 1.2. Serwis zbiera wy\u0142\u0105cznie dane osobowe niezb\u0119dne do \u015bwiadczenia i rozwoju us\u0142ug w nim oferowanych. 1.3. Dane osobowe zbierane za po\u015brednictwem Serwisu s\u0105 [&hellip;]<\/p>","protected":false},"author":2,"featured_media":0,"parent":0,"menu_order":0,"comment_status":"closed","ping_status":"closed","template":"","meta":{"_crdt_document":"","footnotes":""},"class_list":["post-1238","page","type-page","status-publish","hentry"],"aioseo_notices":[],"_links":{"self":[{"href":"https:\/\/exverbis.pl\/ru\/wp-json\/wp\/v2\/pages\/1238","targetHints":{"allow":["GET"]}}],"collection":[{"href":"https:\/\/exverbis.pl\/ru\/wp-json\/wp\/v2\/pages"}],"about":[{"href":"https:\/\/exverbis.pl\/ru\/wp-json\/wp\/v2\/types\/page"}],"author":[{"embeddable":true,"href":"https:\/\/exverbis.pl\/ru\/wp-json\/wp\/v2\/users\/2"}],"replies":[{"embeddable":true,"href":"https:\/\/exverbis.pl\/ru\/wp-json\/wp\/v2\/comments?post=1238"}],"version-history":[{"count":52,"href":"https:\/\/exverbis.pl\/ru\/wp-json\/wp\/v2\/pages\/1238\/revisions"}],"predecessor-version":[{"id":1846,"href":"https:\/\/exverbis.pl\/ru\/wp-json\/wp\/v2\/pages\/1238\/revisions\/1846"}],"wp:attachment":[{"href":"https:\/\/exverbis.pl\/ru\/wp-json\/wp\/v2\/media?parent=1238"}],"curies":[{"name":"wp","href":"https:\/\/api.w.org\/{rel}","templated":true}]}}