{"id":1239,"date":"2024-09-29T12:30:39","date_gmt":"2024-09-29T10:30:39","guid":{"rendered":"https:\/\/exverbis.pl\/?page_id=1239"},"modified":"2024-09-29T17:18:30","modified_gmt":"2024-09-29T15:18:30","slug":"pliki-do-probrania","status":"publish","type":"page","link":"https:\/\/exverbis.pl\/ru\/pliki-do-probrania\/","title":{"rendered":"Pliki do probrania"},"content":{"rendered":"<div id=\"pl-gb1239-69e538a331d64\"  class=\"panel-layout\" ><div id=\"pg-gb1239-69e538a331d64-0\"  class=\"panel-grid panel-no-style\" ><div id=\"pgc-gb1239-69e538a331d64-0-0\"  class=\"panel-grid-cell\" ><div id=\"panel-gb1239-69e538a331d64-0-0-0\" class=\"so-panel widget widget_sow-editor panel-first-child panel-last-child\" data-index=\"0\" ><div\n\t\t\t\n\t\t\tclass=\"so-widget-sow-editor so-widget-sow-editor-base\"\n\t\t\t\n\t\t>\n<div class=\"siteorigin-widget-tinymce textwidget\">\n\t<p>Je\u015bli podczas sk\u0142adania zam\u00f3wienia zosta\u0142a zaznaczona opcja<\/p>\n<h5>&#8222;Wype\u0142ni\u0119 formularz p\u00f3\u017aniej&#8221;<\/h5>\n<p>prosz\u0119 za pomoc\u0105 przycisku poni\u017cej pobra\u0107 na swoje urz\u0105dzenie plik formularza, wype\u0142ni\u0107 go i jak najszybciej, najlepiej w ci\u0105gu 24h, odes\u0142a\u0107 na adres: exverbis@exverbis.pl<\/p>\n<p>Jednocze\u015bnie przypominamy, \u017ce <strong>zw\u0142oka w odes\u0142aniu formularza mo\u017ce spowodowa\u0107 wyd\u0142u\u017cenie czasu realizacji zam\u00f3wienia<\/strong>.<\/p>\n<p>&nbsp;<\/p>\n<p>&nbsp;<\/p>\n<\/div>\n<\/div><\/div><\/div><\/div><\/div>\n\n\n<div data-wp-interactive=\"core\/file\" class=\"wp-block-file\"><object data-wp-bind--hidden=\"!state.hasPdfPreview\" hidden class=\"wp-block-file__embed\" data=\"https:\/\/exverbis.pl\/wp-content\/uploads\/2024\/09\/FORMULARZ-PISOWNI-exverbis.pl_NAZWISKO-IMIE-1.pdf\" type=\"application\/pdf\" style=\"width:100%;height:600px\" aria-label=\"\u0412\u0441\u0442\u0430\u0432\u043a\u0430 FORMULARZ PISOWNI exverbis.pl_[NAZWISKO, IMI\u0118]\"><\/object><a id=\"wp-block-file--media-3a9c4a44-dcd6-4a1f-b9bc-1e64c514fdfb\" href=\"https:\/\/exverbis.pl\/wp-content\/uploads\/2024\/09\/FORMULARZ-PISOWNI-exverbis.pl_NAZWISKO-IMIE-1.pdf\">FORMULARZ PISOWNI exverbis.pl_[NAZWISKO, IMI\u0118]<\/a><a href=\"https:\/\/exverbis.pl\/wp-content\/uploads\/2024\/09\/FORMULARZ-PISOWNI-exverbis.pl_NAZWISKO-IMIE-1.pdf\" class=\"wp-block-file__button wp-element-button\" download aria-describedby=\"wp-block-file--media-3a9c4a44-dcd6-4a1f-b9bc-1e64c514fdfb\">Pobierz<\/a><\/div>\n\n\n\n<p class=\"wp-block-paragraph\"><\/p>","protected":false},"excerpt":{"rendered":"<p>Je\u015bli podczas sk\u0142adania zam\u00f3wienia zosta\u0142a zaznaczona opcja &#8222;Wype\u0142ni\u0119 formularz p\u00f3\u017aniej&#8221; prosz\u0119 za pomoc\u0105 przycisku poni\u017cej pobra\u0107 na swoje urz\u0105dzenie plik formularza, wype\u0142ni\u0107 go i jak najszybciej, najlepiej w ci\u0105gu 24h, odes\u0142a\u0107 na adres: exverbis@exverbis.pl Jednocze\u015bnie przypominamy, \u017ce zw\u0142oka w odes\u0142aniu formularza mo\u017ce spowodowa\u0107 wyd\u0142u\u017cenie czasu realizacji zam\u00f3wienia. &nbsp; &nbsp;<\/p>","protected":false},"author":2,"featured_media":0,"parent":0,"menu_order":0,"comment_status":"closed","ping_status":"closed","template":"","meta":{"_crdt_document":"","footnotes":""},"class_list":["post-1239","page","type-page","status-publish","hentry"],"aioseo_notices":[],"_links":{"self":[{"href":"https:\/\/exverbis.pl\/ru\/wp-json\/wp\/v2\/pages\/1239","targetHints":{"allow":["GET"]}}],"collection":[{"href":"https:\/\/exverbis.pl\/ru\/wp-json\/wp\/v2\/pages"}],"about":[{"href":"https:\/\/exverbis.pl\/ru\/wp-json\/wp\/v2\/types\/page"}],"author":[{"embeddable":true,"href":"https:\/\/exverbis.pl\/ru\/wp-json\/wp\/v2\/users\/2"}],"replies":[{"embeddable":true,"href":"https:\/\/exverbis.pl\/ru\/wp-json\/wp\/v2\/comments?post=1239"}],"version-history":[{"count":6,"href":"https:\/\/exverbis.pl\/ru\/wp-json\/wp\/v2\/pages\/1239\/revisions"}],"predecessor-version":[{"id":1289,"href":"https:\/\/exverbis.pl\/ru\/wp-json\/wp\/v2\/pages\/1239\/revisions\/1289"}],"wp:attachment":[{"href":"https:\/\/exverbis.pl\/ru\/wp-json\/wp\/v2\/media?parent=1239"}],"curies":[{"name":"wp","href":"https:\/\/api.w.org\/{rel}","templated":true}]}}