{"id":1240,"date":"2024-09-29T12:30:39","date_gmt":"2024-09-29T10:30:39","guid":{"rendered":"https:\/\/exverbis.pl\/?page_id=1240"},"modified":"2024-09-29T14:10:30","modified_gmt":"2024-09-29T12:10:30","slug":"przydatne-linki","status":"publish","type":"page","link":"https:\/\/exverbis.pl\/ru\/przydatne-linki\/","title":{"rendered":"\u041f\u043e\u043b\u0435\u0437\u043d\u044b\u0435 \u0441\u0441\u044b\u043b\u043a\u0438"},"content":{"rendered":"<div id=\"pl-gb1240-69e5556979949\"  class=\"panel-layout\" ><div id=\"pg-gb1240-69e5556979949-0\"  class=\"panel-grid panel-no-style\" ><div id=\"pgc-gb1240-69e5556979949-0-0\"  class=\"panel-grid-cell\" ><div id=\"panel-gb1240-69e5556979949-0-0-0\" class=\"so-panel widget widget_sow-editor panel-first-child panel-last-child\" data-index=\"0\" ><div\n\t\t\t\n\t\t\tclass=\"so-widget-sow-editor so-widget-sow-editor-base\"\n\t\t\t\n\t\t>\n<div class=\"siteorigin-widget-tinymce textwidget\">\n\t<p><a href=\"https:\/\/arch-bip.ms.gov.pl\/pl\/rejestry-i-ewidencje\/tlumacze-przysiegli\/lista-tlumaczy-przysieglych\/translator,998.html\" target=\"_blank\" rel=\"noopener\">Karolina Romanowska na li\u015bcie t\u0142umaczy przysi\u0119g\u0142ych Ministerstwa Sprawiedliwo\u015bci<\/a><\/p>\n<p><a href=\"https:\/\/arch-bip.ms.gov.pl\/pl\/rejestry-i-ewidencje\/tlumacze-przysiegli\/lista-tlumaczy-przysieglych\/search.html\" target=\"_blank\" rel=\"noopener\">Lista wszystkich t\u0142umaczy przysi\u0119g\u0142ych<\/a><\/p>\n<p><a href=\"http:\/\/isap.sejm.gov.pl\/isap.nsf\/DocDetails.xsp?id=WDU20042732702\" target=\"_blank\" rel=\"noopener\">Ustawa o zawodzie t\u0142umacz przysi\u0119g\u0142ego<\/a><\/p>\n<p><a href=\"https:\/\/isap.sejm.gov.pl\/isap.nsf\/download.xsp\/WDU20140001741\/U\/D20141741Lj.pdf\" target=\"_blank\" rel=\"noopener\">Ustawa o aktach stanu cywilnego<\/a><\/p>\n<p>&nbsp;<\/p>\n<p>&nbsp;<\/p>\n<p>&nbsp;<\/p>\n<p>&nbsp;<\/p>\n<p>&nbsp;<\/p>\n<\/div>\n<\/div><\/div><\/div><\/div><\/div>\n\n\n<p class=\"wp-block-paragraph\"><\/p>\n\n\n\n<p class=\"wp-block-paragraph\"><\/p>","protected":false},"excerpt":{"rendered":"<p>Karolina Romanowska na li\u015bcie t\u0142umaczy przysi\u0119g\u0142ych Ministerstwa Sprawiedliwo\u015bci Lista wszystkich t\u0142umaczy przysi\u0119g\u0142ych Ustawa o zawodzie t\u0142umacz przysi\u0119g\u0142ego Ustawa o aktach stanu cywilnego &nbsp; &nbsp; &nbsp; &nbsp; &nbsp;<\/p>","protected":false},"author":2,"featured_media":0,"parent":0,"menu_order":0,"comment_status":"closed","ping_status":"closed","template":"","meta":{"_crdt_document":"","footnotes":""},"class_list":["post-1240","page","type-page","status-publish","hentry"],"aioseo_notices":[],"_links":{"self":[{"href":"https:\/\/exverbis.pl\/ru\/wp-json\/wp\/v2\/pages\/1240","targetHints":{"allow":["GET"]}}],"collection":[{"href":"https:\/\/exverbis.pl\/ru\/wp-json\/wp\/v2\/pages"}],"about":[{"href":"https:\/\/exverbis.pl\/ru\/wp-json\/wp\/v2\/types\/page"}],"author":[{"embeddable":true,"href":"https:\/\/exverbis.pl\/ru\/wp-json\/wp\/v2\/users\/2"}],"replies":[{"embeddable":true,"href":"https:\/\/exverbis.pl\/ru\/wp-json\/wp\/v2\/comments?post=1240"}],"version-history":[{"count":7,"href":"https:\/\/exverbis.pl\/ru\/wp-json\/wp\/v2\/pages\/1240\/revisions"}],"predecessor-version":[{"id":1274,"href":"https:\/\/exverbis.pl\/ru\/wp-json\/wp\/v2\/pages\/1240\/revisions\/1274"}],"wp:attachment":[{"href":"https:\/\/exverbis.pl\/ru\/wp-json\/wp\/v2\/media?parent=1240"}],"curies":[{"name":"wp","href":"https:\/\/api.w.org\/{rel}","templated":true}]}}