{"id":49,"date":"2019-08-20T11:06:39","date_gmt":"2019-08-20T09:06:39","guid":{"rendered":"https:\/\/exverbis.pl\/?page_id=49"},"modified":"2019-08-23T15:29:02","modified_gmt":"2019-08-23T13:29:02","slug":"wycena-i-zamowienie","status":"publish","type":"page","link":"https:\/\/exverbis.pl\/ru\/wycena-i-zamowienie\/","title":{"rendered":"Wycena i zam\u00f3wienie"},"content":{"rendered":"<div id=\"pl-gb49-69e550bce1ec2\"  class=\"panel-layout\" ><div id=\"pg-gb49-69e550bce1ec2-0\"  class=\"panel-grid panel-no-style\" ><div id=\"pgc-gb49-69e550bce1ec2-0-0\"  class=\"panel-grid-cell\" ><div id=\"panel-gb49-69e550bce1ec2-0-0-0\" class=\"so-panel widget widget_sow-editor panel-first-child panel-last-child\" data-index=\"0\" ><div\n\t\t\t\n\t\t\tclass=\"so-widget-sow-editor so-widget-sow-editor-base\"\n\t\t\t\n\t\t>\n<div class=\"siteorigin-widget-tinymce textwidget\">\n\t<p><span style=\"color: #1e73be;\"><strong>Wycena<\/strong><\/span><br \/>\nWycena t\u0142umaczenia jest zawsze bezp\u0142atna.<br \/>\nInformacj\u0119 na temat szacowanego kosztu t\u0142umaczenia mo\u017cna uzyska\u0107 wysy\u0142aj\u0105c dokument w formie elektronicznej w formacie MS Word, PDF, JPG lub TIF.<br \/>\nWysy\u0142aj\u0105c dokument do wyceny nale\u017cy wskaza\u0107 rodzaj t\u0142umaczenia i oczekiwany termin jego wykonania.<br \/>\nW przypadku zapyta\u0144 przes\u0142anych w dni robocze, w godzinach pracy biura, wycena jest dokonywana tego samego dnia &#8211; w wi\u0119kszo\u015bci przypadk\u00f3w w ci\u0105gu 1 godziny, lub wysy\u0142ana jest wiadomo\u015b\u0107 o przewidywanym terminie sporz\u0105dzenia wyceny.<br \/>\nW celu zam\u00f3wienia wyceny prosz\u0119 skorzysta\u0107 z zamieszonego obok formularza kontaktowego.<\/p>\n<p><span style=\"color: #1e73be;\"><strong>Zlecenie t\u0142umaczenia<\/strong><\/span><br \/>\nT\u0142umaczenie mo\u017cna zleci\u0107 wysy\u0142aj\u0105c dokumenty drog\u0105 elektroniczn\u0105 (w formacie MS Word, PDF, JPG lub TIF) lub dostarczy\u0107 je osobi\u015bcie, najlepiej po wcze\u015bniejszym telefonicznym um\u00f3wieniu si\u0119.<br \/>\nT\u0142umaczenie po\u015bwiadczone dokument\u00f3w przes\u0142anych drog\u0105 elektroniczn\u0105, bez przed\u0142o\u017cenia t\u0142umaczowi orygina\u0142u, zostanie wykonane jako t\u0142umaczenie kopii (po\u015bwiadczenie zgodno\u015bci t\u0142umaczenia z kopi\u0105 dokumentu). Jednocze\u015bnie prosz\u0119 mie\u0107 na uwadze, \u017ce niekt\u00f3re urz\u0119dy i instytucje honoruj\u0105 wy\u0142\u0105cznie t\u0142umaczenia wykonane na podstawie orygina\u0142u.<br \/>\nDo dokonania po\u015bwiadczenia zgodno\u015bci t\u0142umaczenia z orygina\u0142em konieczne jest dostarczenie t\u0142umaczowi orygina\u0142u t\u0142umaczonego dokumentu &#8211; najp\u00f3\u017aniej w dniu wydania t\u0142umaczenia.<br \/>\nWys\u0142anie dokument\u00f3w do wyceny lub t\u0142umaczenia faksem jest mo\u017cliwe tylko po wcze\u015bniejszym uzgodnieniu takiej formy z t\u0142umaczem.<br \/>\nW celu zam\u00f3wienia t\u0142umaczenia prosz\u0119 skorzysta\u0107 z opcji dost\u0119pnych w zak\u0142adce \u201eKontakt \u201d.<br \/>\nUwaga! T\u0142umaczenie nale\u017cy uwa\u017ca\u0107 za przyj\u0119te do wykonania przez t\u0142umacza dopiero po otrzymaniu potwierdzenia przyj\u0119cia zlecenia i terminu wykonania. W przypadku potwierdzenia zlecenia w terminie d\u0142u\u017cszym ni\u017c 24 godziny od uzyskania wyceny, pierwotnie proponowany termin realizacji zlecenia mo\u017ce nieznacznie ulec zmianie.<\/p>\n<p><span style=\"color: #1e73be;\"><strong>Odbi\u00f3r t\u0142umaczenia i spos\u00f3b p\u0142atno\u015bci<\/strong><\/span><br \/>\nP\u0142atno\u015bci mo\u017cna dokona\u0107 przelewem, kart\u0105 lub got\u00f3wk\u0105.<br \/>\nW przypadku, je\u015bli dokumenty sk\u0142adane s\u0105 do t\u0142umaczenia w wersji elektronicznej wymagana jest przedp\u0142ata przelewem bankowym.<br \/>\nSpos\u00f3b i termin p\u0142atno\u015bci jest ustalany z klientem w momencie zlecania t\u0142umaczenia.<br \/>\nT\u0142umaczenia zwyk\u0142e wysy\u0142am drog\u0105 elektroniczn\u0105 na wskazany przez zleceniodawc\u0119 adres e-mail. Na \u017cyczenie Zleceniodawcy mo\u017cliwe jest tak\u017ce wys\u0142anie t\u0142umaczenia poczt\u0105 lub przesy\u0142k\u0105 kuriersk\u0105 w formie wydruku lub na no\u015bniku elektronicznym. W takim przypadku to Klient wybiera firm\u0119 kuriersk\u0105 i pokrywa koszt przesy\u0142ki.<br \/>\nT\u0142umaczenie po\u015bwiadczone zleceniodawca mo\u017ce odebra\u0107 osobi\u015bcie lub wskaza\u0107 adres, na kt\u00f3ry ma ono zosta\u0107 przes\u0142ane. T\u0142umaczenia po\u015bwiadczone wysy\u0142ane s\u0105 listem priorytetowym za zwrotnym potwierdzeniem odbioru lub przesy\u0142k\u0105 kuriersk\u0105. W takim przypadku to r\u00f3wnie\u017c Klient wybiera firm\u0119 kuriersk\u0105 i pokrywa koszt przesy\u0142ki.<\/p>\n<\/div>\n<\/div><\/div><\/div><div id=\"pgc-gb49-69e550bce1ec2-0-1\"  class=\"panel-grid-cell\" ><div id=\"panel-gb49-69e550bce1ec2-0-1-0\" class=\"so-panel widget widget_sow-editor panel-first-child panel-last-child\" data-index=\"1\" ><div\n\t\t\t\n\t\t\tclass=\"so-widget-sow-editor so-widget-sow-editor-base\"\n\t\t\t\n\t\t>\n<div class=\"siteorigin-widget-tinymce textwidget\">\n\t<div class=\"wpcf7 no-js\" id=\"wpcf7-f308-o1\" lang=\"pl-PL\" dir=\"ltr\" data-wpcf7-id=\"308\">\n<div class=\"screen-reader-response\">\n<p role=\"status\" aria-live=\"polite\" aria-atomic=\"true\">\n<ul><\/ul>\n<\/div>\n<form action=\"\/ru\/wp-json\/wp\/v2\/pages\/49#wpcf7-f308-o1\" method=\"post\" class=\"wpcf7-form init\" aria-label=\"Formularz kontaktowy\" enctype=\"multipart\/form-data\" novalidate=\"novalidate\" data-status=\"init\" data-trp-original-action=\"\/ru\/wp-json\/wp\/v2\/pages\/49#wpcf7-f308-o1\">\n<fieldset class=\"hidden-fields-container\"><input type=\"hidden\" name=\"_wpcf7\" value=\"308\" \/><input type=\"hidden\" name=\"_wpcf7_version\" value=\"6.1.5\" \/><input type=\"hidden\" name=\"_wpcf7_locale\" value=\"pl_PL\" \/><input type=\"hidden\" name=\"_wpcf7_unit_tag\" value=\"wpcf7-f308-o1\" \/><input type=\"hidden\" name=\"_wpcf7_container_post\" value=\"0\" \/><input type=\"hidden\" name=\"_wpcf7_posted_data_hash\" value=\"\" \/><input type=\"hidden\" name=\"_wpcf7_recaptcha_response\" value=\"\" \/><br \/>\n<\/fieldset>\n<h4><span style=\"color: #1e73be;\"><strong>Formularz zam\u00f3wienia wyceny<\/strong><\/span><br \/>\n<\/h4>\n<p><span style=\"color: #1e73be;\"><strong>Imi\u0119 i nazwisko<\/strong><\/span><br \/>\n<span class=\"wpcf7-form-control-wrap\" data-name=\"text-5\"><input size=\"40\" maxlength=\"400\" class=\"wpcf7-form-control wpcf7-text wpcf7-validates-as-required\" aria-required=\"true\" aria-invalid=\"false\" value=\"\" type=\"text\" name=\"text-5\" \/><\/span>\n<\/p>\n<p><span style=\"color: #1e73be;\"><strong>\u0410\u0434\u0440\u0435\u0441 e-mail<\/strong><\/span><br \/>\n<span class=\"wpcf7-form-control-wrap\" data-name=\"email-144\"><input size=\"40\" maxlength=\"400\" class=\"wpcf7-form-control wpcf7-email wpcf7-validates-as-required wpcf7-text wpcf7-validates-as-email\" aria-required=\"true\" aria-invalid=\"false\" value=\"\" type=\"email\" name=\"email-144\" \/><\/span>\n<\/p>\n<p><span style=\"color: #1e73be;\"><strong>\u041d\u043e\u043c\u0435\u0440 \u0442\u0435\u043b\u0435\u0444\u043e\u043d\u0430<\/strong><\/span> (jego podanie nie jest obowi\u0105zkowe, ale mo\u017ce u\u0142atwi\u0107 kontakt)<br \/>\n<span class=\"wpcf7-form-control-wrap\" data-name=\"tel-483\"><input size=\"40\" maxlength=\"400\" class=\"wpcf7-form-control wpcf7-tel wpcf7-text wpcf7-validates-as-tel\" aria-invalid=\"false\" value=\"\" type=\"tel\" name=\"tel-483\" \/><\/span>\n<\/p>\n<p><span style=\"color: #1e73be;\"><strong>\u0412\u0438\u0434 \u043f\u0435\u0440\u0435\u0432\u043e\u0434\u0430<\/strong><\/span><br \/>\n<span class=\"wpcf7-form-control-wrap\" data-name=\"radio-414\"><span class=\"wpcf7-form-control wpcf7-radio\"><span class=\"wpcf7-list-item first last\"><input type=\"radio\" name=\"radio-414\" value=\"zwyk\u0142e\" checked=\"checked\" \/><span class=\"wpcf7-list-item-label\">zwyk\u0142e<\/span><\/span><\/span><\/span><span class=\"wpcf7-form-control-wrap\" data-name=\"radio-414\"><span class=\"wpcf7-form-control wpcf7-radio\"><span class=\"wpcf7-list-item first last\"><input type=\"radio\" name=\"radio-414\" value=\"po\u015bwiadczone\" checked=\"checked\" \/><span class=\"wpcf7-list-item-label\">po\u015bwiadczone<\/span><\/span><\/span><\/span><span class=\"wpcf7-form-control-wrap\" data-name=\"radio-414\"><span class=\"wpcf7-form-control wpcf7-radio\"><span class=\"wpcf7-list-item first last\"><input type=\"radio\" name=\"radio-414\" value=\"zwyk\u0142e lub po\u015bwiadczone\" \/><span class=\"wpcf7-list-item-label\">zwyk\u0142e lub po\u015bwiadczone<\/span><\/span><\/span><\/span>\n<\/p>\n<p><span style=\"color: #1e73be;\"><strong>Tryb realizacji t\u0142umaczenia<\/strong><\/span><br \/>\n<span class=\"wpcf7-form-control-wrap\" data-name=\"radio-501\"><span class=\"wpcf7-form-control wpcf7-radio\"><span class=\"wpcf7-list-item first last\"><input type=\"radio\" name=\"radio-501\" value=\"tryb zwyk\u0142y\" checked=\"checked\" \/><span class=\"wpcf7-list-item-label\">tryb zwyk\u0142y<\/span><\/span><\/span><\/span><span class=\"wpcf7-form-control-wrap\" data-name=\"radio-501\"><span class=\"wpcf7-form-control wpcf7-radio\"><span class=\"wpcf7-list-item first last\"><input type=\"radio\" name=\"radio-501\" value=\"tryb przyspieszony\" \/><span class=\"wpcf7-list-item-label\">tryb przyspieszony<\/span><\/span><\/span><\/span><span class=\"wpcf7-form-control-wrap\" data-name=\"radio-501\"><span class=\"wpcf7-form-control wpcf7-radio\"><span class=\"wpcf7-list-item first last\"><input type=\"radio\" name=\"radio-501\" value=\"na dzi\u015b\" \/><span class=\"wpcf7-list-item-label\">na dzi\u015b<\/span><\/span><\/span><\/span>\n<\/p>\n<p><span style=\"color: #1e73be;\"><strong>Oczekiwany termin realizacji t\u0142umaczenia<\/strong><\/span><br \/>\n(zaznacz szczeg\u00f3lnie, je\u015bli wybra\u0142e\u015b przyspieszony lub ekspresowy tryb realizacji t\u0142umaczenia)<br \/>\n<span class=\"wpcf7-form-control-wrap\" data-name=\"date-383\"><input class=\"wpcf7-form-control wpcf7-date wpcf7-validates-as-date\" aria-invalid=\"false\" value=\"\" type=\"date\" name=\"date-383\" \/><\/span>\n<\/p>\n<p><span style=\"color: #1e73be;\"><strong>Tre\u015b\u0107 wiadomo\u015bci<\/strong><\/span> (dodatkowe pytania lub informacje dla t\u0142umacza)<br \/>\n<span class=\"wpcf7-form-control-wrap\" data-name=\"textarea-930\"><textarea cols=\"40\" rows=\"10\" maxlength=\"2000\" class=\"wpcf7-form-control wpcf7-textarea\" aria-invalid=\"false\" name=\"textarea-930\"><\/textarea><\/span>\n<\/p>\n<p><span style=\"color: #1e73be;\"><strong>Wybierz i do\u0142\u0105cz pliki za\u0142\u0105cznik\u00f3w <\/strong><\/span> (formularz wymaga dodania przynajmniej 1 pliku)<br \/>\n<span class=\"wpcf7-form-control-wrap\" data-name=\"file-259\"><input size=\"40\" class=\"wpcf7-form-control wpcf7-file wpcf7-validates-as-required\" accept=\".jpg,.jpeg,.pdf,.doc,.docx\" aria-required=\"true\" aria-invalid=\"false\" type=\"file\" name=\"file-259\" \/><\/span><span class=\"wpcf7-form-control-wrap\" data-name=\"file-183\"><input size=\"40\" class=\"wpcf7-form-control wpcf7-file\" accept=\".pdf,.doc,.docx,.jpg,.txt\" aria-invalid=\"false\" type=\"file\" name=\"file-183\" \/><\/span><br \/>\n<span class=\"wpcf7-form-control-wrap\" data-name=\"file-731\"><input size=\"40\" class=\"wpcf7-form-control wpcf7-file\" accept=\".pdf,.doc,.docx,.jpg,.txt\" aria-invalid=\"false\" type=\"file\" name=\"file-731\" \/><\/span><span class=\"wpcf7-form-control-wrap\" data-name=\"file-124\"><input size=\"40\" class=\"wpcf7-form-control wpcf7-file\" accept=\".pdf,.doc,.docx,.jpg,.txt\" aria-invalid=\"false\" type=\"file\" name=\"file-124\" \/><\/span>\n<\/p>\n<p><span style=\"color: #000000;\">Je\u015bli chcesz przes\u0142a\u0107 wi\u0119ksz\u0105 liczb\u0119 plik\u00f3w, lub pojedynczy plik jest wi\u0119kszy ni\u017c 20MB &#8211; skorzystaj prosz\u0119 z adresu poczty <span style=\"color: #000000;\"><strong><a href=\"mailto:exverbis@exverbis.pl\">e-mail<\/a><\/strong><\/span><br \/>\n<span style=\"color: #1e73be;\"><strong>Po potwierdzeniu zlecenia dokumenty dostarcz\u0119 do biura<\/strong><\/span><br \/>\n<span class=\"wpcf7-form-control-wrap\" data-name=\"radio-835\"><span class=\"wpcf7-form-control wpcf7-radio\"><span class=\"wpcf7-list-item first\"><input type=\"radio\" name=\"radio-835\" value=\"ul. Cha\u0142ubi\u0144skiego 9 lok. 2 (pon.-cz. 9:00 - 17:00, pi\u0105tek 9:00 - 16:00)\" checked=\"checked\" \/><span class=\"wpcf7-list-item-label\">ul. Cha\u0142ubi\u0144skiego 9 lok. 2 (pon.-cz. 9:00 &#8211; 17:00, pi\u0105tek 9:00 &#8211; 16:00)<\/span><\/span><span class=\"wpcf7-list-item\"><input type=\"radio\" name=\"radio-835\" value=\"ul. Murma\u0144ska 11\/35 (pon.-pt. po ustaleniu z t\u0142umaczem)\" \/><span class=\"wpcf7-list-item-label\">ul. Murma\u0144ska 11\/35 (pon.-pt. po ustaleniu z t\u0142umaczem)<\/span><\/span><span class=\"wpcf7-list-item last\"><input type=\"radio\" name=\"radio-835\" value=\"Prze\u015bl\u0119 poczt\u0105 \/ kurierem \/ nie mam orygina\u0142u\" \/><span class=\"wpcf7-list-item-label\">Prze\u015bl\u0119 poczt\u0105 \/ kurierem \/ nie mam orygina\u0142u<\/span><\/span><\/span><\/span><br \/>\n<span style=\"color: #1e73be;\"><strong>Gotowe t\u0142umaczenie odbior\u0119 w biurze<\/strong><\/span><br \/>\n<span class=\"wpcf7-form-control-wrap\" data-name=\"radio-434\"><span class=\"wpcf7-form-control wpcf7-radio\"><span class=\"wpcf7-list-item first\"><input type=\"radio\" name=\"radio-434\" value=\"ul. Cha\u0142ubi\u0144skiego 9 lok. 2 (pon.-cz. 9:00 - 17:00, pi\u0105tek 9:00 - 16:00)\" checked=\"checked\" \/><span class=\"wpcf7-list-item-label\">ul. Cha\u0142ubi\u0144skiego 9 lok. 2 (pon.-cz. 9:00 &#8211; 17:00, pi\u0105tek 9:00 &#8211; 16:00)<\/span><\/span><span class=\"wpcf7-list-item\"><input type=\"radio\" name=\"radio-434\" value=\"ul. Murma\u0144ska 11\/35 (pon.-pt. po ustaleniu z t\u0142umaczem)\" \/><span class=\"wpcf7-list-item-label\">ul. Murma\u0144ska 11\/35 (pon.-pt. po ustaleniu z t\u0142umaczem)<\/span><\/span><span class=\"wpcf7-list-item last\"><input type=\"radio\" name=\"radio-434\" value=\"Prosz\u0119 o wys\u0142anie gotowego t\u0142umaczenia poczt\u0105 \/ kurierem\" \/><span class=\"wpcf7-list-item-label\">Prosz\u0119 o wys\u0142anie gotowego t\u0142umaczenia poczt\u0105 \/ kurierem<\/span><\/span><\/span><\/span><br \/>\n<span style=\"color: #1e73be;\"><strong>\u0412\u0441\u0435?<\/strong><\/span><br \/>\n<input class=\"wpcf7-form-control wpcf7-submit has-spinner\" type=\"submit\" value=\"\u041e\u0442\u043f\u0440\u0430\u0432\u0438\u0442\u044c\" \/><\/span>\n<\/p>\n<p style=\"display: none !important;\" class=\"akismet-fields-container\" data-prefix=\"_wpcf7_ak_\"><label>&#916;<textarea name=\"_wpcf7_ak_hp_textarea\" cols=\"45\" rows=\"8\" maxlength=\"100\"><\/textarea><\/label><input type=\"hidden\" id=\"ak_js_1\" name=\"_wpcf7_ak_js\" value=\"225\"\/><script>document.getElementById( \"ak_js_1\" ).setAttribute( \"value\", ( new Date() ).getTime() );<\/script><\/p>\n<div class=\"wpcf7-response-output\" aria-hidden=\"true\"><\/div>\n<input type=\"hidden\" name=\"trp-form-language\" value=\"ru\"\/><\/form>\n<\/div>\n<\/div>\n<\/div><\/div><\/div><\/div><\/div>","protected":false},"excerpt":{"rendered":"<p>Wycena Wycena t\u0142umaczenia jest zawsze bezp\u0142atna. Informacj\u0119 na temat szacowanego kosztu t\u0142umaczenia mo\u017cna uzyska\u0107 wysy\u0142aj\u0105c dokument w formie elektronicznej w formacie MS Word, PDF, JPG lub TIF. Wysy\u0142aj\u0105c dokument do wyceny nale\u017cy wskaza\u0107 rodzaj t\u0142umaczenia i oczekiwany termin jego wykonania. W przypadku zapyta\u0144 przes\u0142anych w dni robocze, w godzinach pracy biura, wycena jest dokonywana tego [&hellip;]<\/p>","protected":false},"author":1,"featured_media":0,"parent":0,"menu_order":0,"comment_status":"closed","ping_status":"closed","template":"","meta":{"_crdt_document":"","footnotes":""},"class_list":["post-49","page","type-page","status-publish","hentry"],"aioseo_notices":[],"_links":{"self":[{"href":"https:\/\/exverbis.pl\/ru\/wp-json\/wp\/v2\/pages\/49","targetHints":{"allow":["GET"]}}],"collection":[{"href":"https:\/\/exverbis.pl\/ru\/wp-json\/wp\/v2\/pages"}],"about":[{"href":"https:\/\/exverbis.pl\/ru\/wp-json\/wp\/v2\/types\/page"}],"author":[{"embeddable":true,"href":"https:\/\/exverbis.pl\/ru\/wp-json\/wp\/v2\/users\/1"}],"replies":[{"embeddable":true,"href":"https:\/\/exverbis.pl\/ru\/wp-json\/wp\/v2\/comments?post=49"}],"version-history":[{"count":4,"href":"https:\/\/exverbis.pl\/ru\/wp-json\/wp\/v2\/pages\/49\/revisions"}],"predecessor-version":[{"id":309,"href":"https:\/\/exverbis.pl\/ru\/wp-json\/wp\/v2\/pages\/49\/revisions\/309"}],"wp:attachment":[{"href":"https:\/\/exverbis.pl\/ru\/wp-json\/wp\/v2\/media?parent=49"}],"curies":[{"name":"wp","href":"https:\/\/api.w.org\/{rel}","templated":true}]}}