{"id":51,"date":"2019-08-20T11:06:49","date_gmt":"2019-08-20T09:06:49","guid":{"rendered":"https:\/\/exverbis.pl\/?page_id=51"},"modified":"2024-09-23T06:55:31","modified_gmt":"2024-09-23T04:55:31","slug":"cennik","status":"publish","type":"page","link":"https:\/\/exverbis.pl\/ru\/cennik\/","title":{"rendered":"Cennik i regulamin"},"content":{"rendered":"<p class=\"wp-block-paragraph\">Strona w przygotowaniu. O cen\u0119 mo\u017cna zapyta\u0107 wysy\u0142aj\u0105c wiadomo\u015b\u0107 za po\u015brednictwem formularza kontaktowego, znajduj\u0105cego si\u0119 w zak\u0142adce &#8222;<a href=\"https:\/\/exverbis.pl\/ru\/wycena-i-zamowienie\/\" target=\"_blank\" rel=\"noreferrer noopener\">Wycena i zam\u00f3wienie<\/a>&#8221; lub &#8222;<a href=\"https:\/\/exverbis.pl\/ru\/read-contact\/\" target=\"_blank\" rel=\"noreferrer noopener\">Kontakt&#8221;<\/a>.<\/p>","protected":false},"excerpt":{"rendered":"<p>Strona w przygotowaniu. O cen\u0119 mo\u017cna zapyta\u0107 wysy\u0142aj\u0105c wiadomo\u015b\u0107 za po\u015brednictwem formularza kontaktowego, znajduj\u0105cego si\u0119 w zak\u0142adce &#8222;Wycena i zam\u00f3wienie&#8221; lub &#8222;Kontakt&#8221;.<\/p>","protected":false},"author":1,"featured_media":0,"parent":0,"menu_order":0,"comment_status":"closed","ping_status":"closed","template":"","meta":{"_crdt_document":"","footnotes":""},"class_list":["post-51","page","type-page","status-publish","hentry"],"aioseo_notices":[],"_links":{"self":[{"href":"https:\/\/exverbis.pl\/ru\/wp-json\/wp\/v2\/pages\/51","targetHints":{"allow":["GET"]}}],"collection":[{"href":"https:\/\/exverbis.pl\/ru\/wp-json\/wp\/v2\/pages"}],"about":[{"href":"https:\/\/exverbis.pl\/ru\/wp-json\/wp\/v2\/types\/page"}],"author":[{"embeddable":true,"href":"https:\/\/exverbis.pl\/ru\/wp-json\/wp\/v2\/users\/1"}],"replies":[{"embeddable":true,"href":"https:\/\/exverbis.pl\/ru\/wp-json\/wp\/v2\/comments?post=51"}],"version-history":[{"count":3,"href":"https:\/\/exverbis.pl\/ru\/wp-json\/wp\/v2\/pages\/51\/revisions"}],"predecessor-version":[{"id":1138,"href":"https:\/\/exverbis.pl\/ru\/wp-json\/wp\/v2\/pages\/51\/revisions\/1138"}],"wp:attachment":[{"href":"https:\/\/exverbis.pl\/ru\/wp-json\/wp\/v2\/media?parent=51"}],"curies":[{"name":"wp","href":"https:\/\/api.w.org\/{rel}","templated":true}]}}