{"id":55,"date":"2019-08-20T11:07:08","date_gmt":"2019-08-20T09:07:08","guid":{"rendered":"https:\/\/exverbis.pl\/?page_id=55"},"modified":"2025-11-26T12:59:55","modified_gmt":"2025-11-26T11:59:55","slug":"kontakt","status":"publish","type":"page","link":"https:\/\/exverbis.pl\/ru\/kontakt\/","title":{"rendered":"\u041a\u043e\u043d\u0442\u0430\u043a\u0442"},"content":{"rendered":"<div id=\"pl-gb55-69e53bb7c798f\"  class=\"panel-layout wp-block-siteorigin-panels-layout-block\" ><div id=\"pg-gb55-69e53bb7c798f-0\"  class=\"panel-grid panel-no-style\" ><div id=\"pgc-gb55-69e53bb7c798f-0-0\"  class=\"panel-grid-cell\" ><div id=\"panel-gb55-69e53bb7c798f-0-0-0\" class=\"so-panel widget widget_sow-editor panel-first-child\" data-index=\"0\" ><div\n\t\t\t\n\t\t\tclass=\"so-widget-sow-editor so-widget-sow-editor-base\"\n\t\t\t\n\t\t>\n<div class=\"siteorigin-widget-tinymce textwidget\">\n\t<p style=\"text-align: center;\"><span style=\"color: #1e73be;\"><strong>Zach\u0119cam do skorzystania z <a href=\"https:\/\/exverbis.pl\/ru\/wycena-i-zamowienie\/\">formularza kontaktowego<\/a> <\/strong><\/span><\/p>\n<p style=\"text-align: center;\"><span style=\"color: #1e73be;\"><strong>\u2013 szybka i niezobowi\u0105zuj\u0105ca wycena oraz mo\u017cliwo\u015b\u0107 wst\u0119pnej rezerwacji terminu realizacji Pa\u0144stwa t\u0142umaczenia.<\/strong><\/span><\/p>\n<\/div>\n<\/div><\/div><div id=\"panel-gb55-69e53bb7c798f-0-0-1\" class=\"so-panel widget widget_sow-editor panel-last-child\" data-index=\"1\" ><div\n\t\t\t\n\t\t\tclass=\"so-widget-sow-editor so-widget-sow-editor-base\"\n\t\t\t\n\t\t>\n<div class=\"siteorigin-widget-tinymce textwidget\">\n\t<p><span style=\"color: #1e73be;\"><strong> Zapraszam do kontaktu w dw\u00f3ch lokalizacjach w Warszawie:<\/strong><\/span><\/p>\n<\/div>\n<\/div><\/div><\/div><\/div><div id=\"pg-gb55-69e53bb7c798f-1\"  class=\"panel-grid panel-no-style\" ><div id=\"pgc-gb55-69e53bb7c798f-1-0\"  class=\"panel-grid-cell\" ><div id=\"panel-gb55-69e53bb7c798f-1-0-0\" class=\"so-panel widget widget_sow-editor panel-first-child panel-last-child\" data-index=\"2\" ><div\n\t\t\t\n\t\t\tclass=\"so-widget-sow-editor so-widget-sow-editor-base\"\n\t\t\t\n\t\t>\n<div class=\"siteorigin-widget-tinymce textwidget\">\n\t<p style=\"text-align: center;\"><span style=\"color: #1e73be;\"><strong>Centrum \/ Ochota<\/strong><\/span><\/p>\n<\/div>\n<\/div><\/div><\/div><div id=\"pgc-gb55-69e53bb7c798f-1-1\"  class=\"panel-grid-cell panel-grid-cell-mobile-last\" ><div id=\"panel-gb55-69e53bb7c798f-1-1-0\" class=\"so-panel widget widget_sow-editor panel-first-child panel-last-child\" data-index=\"3\" ><div\n\t\t\t\n\t\t\tclass=\"so-widget-sow-editor so-widget-sow-editor-base\"\n\t\t\t\n\t\t>\n<div class=\"siteorigin-widget-tinymce textwidget\">\n\t<p style=\"text-align: center;\"><span style=\"color: #1e73be;\"><strong>Praga Po\u0142udnie \/ Wawer\u00a0<\/strong><\/span><\/p>\n<\/div>\n<\/div><\/div><\/div><div id=\"pgc-gb55-69e53bb7c798f-1-2\"  class=\"panel-grid-cell panel-grid-cell-empty\" ><\/div><\/div><div id=\"pg-gb55-69e53bb7c798f-2\"  class=\"panel-grid panel-no-style\" ><div id=\"pgc-gb55-69e53bb7c798f-2-0\"  class=\"panel-grid-cell\" ><div id=\"panel-gb55-69e53bb7c798f-2-0-0\" class=\"so-panel widget widget_sow-editor panel-first-child\" data-index=\"4\" ><div\n\t\t\t\n\t\t\tclass=\"so-widget-sow-editor so-widget-sow-editor-base\"\n\t\t\t\n\t\t>\n<div class=\"siteorigin-widget-tinymce textwidget\">\n\t<p><iframe loading=\"lazy\" src=\"https:\/\/www.google.com\/maps\/embed?pb=!1m18!1m12!1m3!1d2443.9055048504442!2d20.999588052058016!3d52.22693457966049!2m3!1f0!2f0!3f0!3m2!1i1024!2i768!4f13.1!3m3!1m2!1s0x471ecc928d19af65%3A0x399d6bebde64c3c2!2sTytusa%20Cha%C5%82ubi%C5%84skiego%209%2C%2002-001%20Warszawa!5e0!3m2!1spl!2spl!4v1612286472766!5m2!1spl!2spl\" width=\"100%\" height=\"400\" frameborder=\"0\" style=\"border:0;\" allowfullscreen=\"\" aria-hidden=\"false\" tabindex=\"0\"><\/iframe><\/p>\n<\/div>\n<\/div><\/div><div id=\"panel-gb55-69e53bb7c798f-2-0-1\" class=\"so-panel widget widget_sow-editor panel-last-child\" data-index=\"5\" ><div\n\t\t\t\n\t\t\tclass=\"so-widget-sow-editor so-widget-sow-editor-base\"\n\t\t\t\n\t\t>\n<div class=\"siteorigin-widget-tinymce textwidget\">\n\t<p style=\"text-align: center;\"><span style=\"color: #1e73be;\"><strong>ul. Cha\u0142ubi\u0144skiego 9 lok. 2 <b><br \/>\n<\/b><b>02-004 Warszawa<\/b><br \/>\n<\/strong><\/span><span style=\"color: #1e73be;\"><strong><b>tel: +48 604 905 746<\/b><\/strong><\/span><br \/>\n<b><span style=\"color: #1e73be;\"><strong>e-mail: exverbis@exverbis.pl<\/strong><\/span><\/b><\/p>\n<p style=\"text-align: center;\"><strong style=\"color: #1e73be; text-align: center;\">od poniedzia\u0142ku do czwartku 9.00 &#8211; 17.00<br \/>\nw pi\u0105tek 9:00 &#8211; 16:00<\/strong><\/p>\n<\/div>\n<\/div><\/div><\/div><div id=\"pgc-gb55-69e53bb7c798f-2-1\"  class=\"panel-grid-cell\" ><div id=\"panel-gb55-69e53bb7c798f-2-1-0\" class=\"so-panel widget widget_sow-editor panel-first-child\" data-index=\"6\" ><div\n\t\t\t\n\t\t\tclass=\"so-widget-sow-editor so-widget-sow-editor-base\"\n\t\t\t\n\t\t>\n<div class=\"siteorigin-widget-tinymce textwidget\">\n\t<p><iframe loading=\"lazy\" style=\"border: 0;\" tabindex=\"0\" src=\"https:\/\/www.google.com\/maps\/embed?pb=!1m18!1m12!1m3!1d2039.8157799605685!2d21.127056305621753!3d52.237180446914344!2m3!1f0!2f0!3f0!3m2!1i1024!2i768!4f13.1!3m3!1m2!1s0x471ed39f1dd65e5b%3A0x4ac06ef7db76710b!2sT%C5%82umacz%20przysi%C4%99g%C5%82y%20j%C4%99zyka%20rosyjskiego%20Karolina%20Romanowska!5e0!3m2!1spl!2spl!4v1612287534922!5m2!1spl!2spl\" width=\"100%\" height=\"400\" frameborder=\"0\" allowfullscreen=\"allowfullscreen\" aria-hidden=\"false\"><\/iframe><\/p>\n<\/div>\n<\/div><\/div><div id=\"panel-gb55-69e53bb7c798f-2-1-1\" class=\"so-panel widget widget_sow-editor panel-last-child\" data-index=\"7\" ><div\n\t\t\t\n\t\t\tclass=\"so-widget-sow-editor so-widget-sow-editor-base\"\n\t\t\t\n\t\t>\n<div class=\"siteorigin-widget-tinymce textwidget\">\n\t<p style=\"text-align: center;\"><span style=\"color: #1e73be;\"><strong>ul. Murma\u0144ska 11\/35<br \/>\n<\/strong><\/span><span style=\"color: #1e73be;\"><strong>04-203 Warszawa<br \/>\ntel: +48 604 905 746<br \/>\n<\/strong><\/span><strong><span style=\"color: #1e73be;\">e-mail: exverbis@exverbis.pl<\/span><\/strong><\/p>\n<p style=\"text-align: center;\"><span style=\"color: #1e73be;\"><strong>od poniedzia\u0142ku do czwartku 9.30 &#8211; 18.00*<br \/>\nw pi\u0105tek 9:00 &#8211; 17:00*<\/strong><\/span><\/p>\n<p style=\"text-align: center;\"><span style=\"color: #1e73be;\">*sugerujemy wcze\u015bniejsze telefoniczne<br \/>\nlub mailowe ustalenie terminu wizyty.<\/span><\/p>\n<\/div>\n<\/div><\/div><\/div><div id=\"pgc-gb55-69e53bb7c798f-2-2\"  class=\"panel-grid-cell\" ><div id=\"panel-gb55-69e53bb7c798f-2-2-0\" class=\"so-panel widget widget_sow-editor panel-first-child panel-last-child\" data-index=\"8\" ><div\n\t\t\t\n\t\t\tclass=\"so-widget-sow-editor so-widget-sow-editor-base\"\n\t\t\t\n\t\t>\n<div class=\"siteorigin-widget-tinymce textwidget\">\n\t<div class=\"wpcf7 no-js\" id=\"wpcf7-f156-o1\" lang=\"pl-PL\" dir=\"ltr\" data-wpcf7-id=\"156\">\n<div class=\"screen-reader-response\">\n<p role=\"status\" aria-live=\"polite\" aria-atomic=\"true\">\n<ul><\/ul>\n<\/div>\n<form action=\"\/ru\/wp-json\/wp\/v2\/pages\/55#wpcf7-f156-o1\" method=\"post\" class=\"wpcf7-form init\" aria-label=\"Formularz kontaktowy\" enctype=\"multipart\/form-data\" novalidate=\"novalidate\" data-status=\"init\" data-trp-original-action=\"\/ru\/wp-json\/wp\/v2\/pages\/55#wpcf7-f156-o1\">\n<fieldset class=\"hidden-fields-container\"><input type=\"hidden\" name=\"_wpcf7\" value=\"156\" \/><input type=\"hidden\" name=\"_wpcf7_version\" value=\"6.1.5\" \/><input type=\"hidden\" name=\"_wpcf7_locale\" value=\"pl_PL\" \/><input type=\"hidden\" name=\"_wpcf7_unit_tag\" value=\"wpcf7-f156-o1\" \/><input type=\"hidden\" name=\"_wpcf7_container_post\" value=\"0\" \/><input type=\"hidden\" name=\"_wpcf7_posted_data_hash\" value=\"\" \/><input type=\"hidden\" name=\"_wpcf7_recaptcha_response\" value=\"\" \/><br \/>\n<\/fieldset>\n<p><span style=\"color: #1e73be;\"><strong>Imi\u0119 i nazwisko<\/strong><\/span><br \/>\n<span class=\"wpcf7-form-control-wrap\" data-name=\"text-5\"><input size=\"40\" maxlength=\"400\" class=\"wpcf7-form-control wpcf7-text wpcf7-validates-as-required\" aria-required=\"true\" aria-invalid=\"false\" value=\"\" type=\"text\" name=\"text-5\" \/><\/span>\n<\/p>\n<p><span style=\"color: #1e73be;\"><strong>\u0410\u0434\u0440\u0435\u0441 e-mail<\/strong><\/span><br \/>\n<span class=\"wpcf7-form-control-wrap\" data-name=\"email-144\"><input size=\"40\" maxlength=\"400\" class=\"wpcf7-form-control wpcf7-email wpcf7-validates-as-required wpcf7-text wpcf7-validates-as-email\" aria-required=\"true\" aria-invalid=\"false\" value=\"\" type=\"email\" name=\"email-144\" \/><\/span>\n<\/p>\n<p><span style=\"color: #1e73be;\"><strong>Telefon<\/strong><\/span><br \/>\n<span class=\"wpcf7-form-control-wrap\" data-name=\"tel-483\"><input size=\"40\" maxlength=\"400\" class=\"wpcf7-form-control wpcf7-tel wpcf7-text wpcf7-validates-as-tel\" aria-invalid=\"false\" value=\"\" type=\"tel\" name=\"tel-483\" \/><\/span>\n<\/p>\n<p><span style=\"color: #1e73be;\"><strong>Temat<\/strong><\/span><br \/>\n<span class=\"wpcf7-form-control-wrap\" data-name=\"menu-882\"><select class=\"wpcf7-form-control wpcf7-select wpcf7-validates-as-required\" aria-required=\"true\" aria-invalid=\"false\" name=\"menu-882\"><option value=\"Wycena t\u0142umaczenia\">Wycena t\u0142umaczenia<\/option><option value=\"Zlecenie t\u0142umaczenia\">Zlecenie t\u0142umaczenia<\/option><\/select><\/span>\n<\/p>\n<p><span style=\"color: #1e73be;\"><strong>Tre\u015b\u0107 wiadomo\u015bci<\/strong><\/span><br \/>\n<span class=\"wpcf7-form-control-wrap\" data-name=\"textarea-930\"><textarea cols=\"40\" rows=\"10\" maxlength=\"2000\" class=\"wpcf7-form-control wpcf7-textarea wpcf7-validates-as-required\" aria-required=\"true\" aria-invalid=\"false\" name=\"textarea-930\"><\/textarea><\/span>\n<\/p>\n<p><span style=\"color: #1e73be;\"><strong>Za\u0142\u0105cznik 1<\/strong><\/span><br \/>\n<span class=\"wpcf7-form-control-wrap\" data-name=\"file-259\"><input size=\"40\" class=\"wpcf7-form-control wpcf7-file wpcf7-validates-as-required\" accept=\".jpg,.jpeg,.pdf,.doc,.docx\" aria-required=\"true\" aria-invalid=\"false\" type=\"file\" name=\"file-259\" \/><\/span>\n<\/p>\n<p><span style=\"color: #000000;\">Je\u015bli chcesz przes\u0142a\u0107 wi\u0119ksz\u0105 liczb\u0119 plik\u00f3w, lub pojedynczy plik jest wi\u0119kszy ni\u017c 20MB &#8211; skorzystaj prosz\u0119 z adresu poczty <span style=\"color: #000000;\"><strong><a href=\"mailto:exverbis@exverbis.pl\">e-mail<\/a><\/strong><\/span><br \/>\n<span style=\"color: #1e73be;\"><strong>Po potwierdzeniu zlecenia dokumenty dostarcz\u0119 do biura:<\/strong><\/span><br \/>\n<span class=\"wpcf7-form-control-wrap\" data-name=\"radio-96\"><span class=\"wpcf7-form-control wpcf7-radio\"><span class=\"wpcf7-list-item first\"><input type=\"radio\" name=\"radio-96\" value=\"ul. Cha\u0142ubi\u0144skiego 9 lok. 2, 02-004 Warszawa (pon.-czw. 9:00 - 17:00, pi\u0105tek 9:00 - 16:00)\" checked=\"checked\" \/><span class=\"wpcf7-list-item-label\">ul. Cha\u0142ubi\u0144skiego 9 lok. 2, 02-004 Warszawa<br \/>\n(pon.-czw. 9:00 &#8211; 17:00, pi\u0105tek 9:00 &#8211; 16:00)<\/span><\/span><span class=\"wpcf7-list-item\"><input type=\"radio\" name=\"radio-96\" value=\"ul. Murma\u0144ska 11 lok. 35, 04-203 Warszawa (po wcze\u015bniejszym telefonicznym ustaleniu terminu)\" \/><span class=\"wpcf7-list-item-label\">ul. Murma\u0144ska 11 lok. 35, 04-203 Warszawa<br \/>\n(po wcze\u015bniejszym telefonicznym ustaleniu terminu)<\/span><\/span><span class=\"wpcf7-list-item\"><input type=\"radio\" name=\"radio-96\" value=\"prze\u015bl\u0119 poczt\u0105 \/ kurierem\" \/><span class=\"wpcf7-list-item-label\">prze\u015bl\u0119 poczt\u0105 \/ kurierem<\/span><\/span><span class=\"wpcf7-list-item last\"><input type=\"radio\" name=\"radio-96\" value=\"t\u0142umaczenie z kopii (wersja elektroniczna)\" \/><span class=\"wpcf7-list-item-label\">t\u0142umaczenie z kopii (wersja elektroniczna)<\/span><\/span><\/span><\/span><br \/>\n<span style=\"color: #1e73be;\"><strong>Gotowe t\u0142umaczenie odbior\u0119 w biurze:<\/strong><\/span><br \/>\n<span class=\"wpcf7-form-control-wrap\" data-name=\"radio-490\"><span class=\"wpcf7-form-control wpcf7-radio\"><span class=\"wpcf7-list-item first\"><input type=\"radio\" name=\"radio-490\" value=\"ul. Cha\u0142ubi\u0144skiego 9 lok. 2 (pon.-czw. 9:00 - 18:00, pi\u0105tek 9:00 - 16:00)\" checked=\"checked\" \/><span class=\"wpcf7-list-item-label\">ul. Cha\u0142ubi\u0144skiego 9 lok. 2 (pon.-czw. 9:00 &#8211; 18:00, pi\u0105tek 9:00 &#8211; 16:00)<\/span><\/span><span class=\"wpcf7-list-item\"><input type=\"radio\" name=\"radio-490\" value=\"ul. Murma\u0144ska 11\/35, 04-203 Warszawa (po wcze\u015bniejszym telefonicznym ustaleniu terminu)\" \/><span class=\"wpcf7-list-item-label\">ul. Murma\u0144ska 11\/35, 04-203 Warszawa (po wcze\u015bniejszym telefonicznym ustaleniu terminu)<\/span><\/span><span class=\"wpcf7-list-item last\"><input type=\"radio\" name=\"radio-490\" value=\"Prosz\u0119 o przes\u0142anie t\u0142umaczenia poczt\u0105 elektroniczn\u0105\" \/><span class=\"wpcf7-list-item-label\">Prosz\u0119 o przes\u0142anie t\u0142umaczenia poczt\u0105 elektroniczn\u0105<\/span><\/span><\/span><\/span><br \/>\n<span style=\"color: #1e73be;\"><strong>\u0412\u0441\u0435?<\/strong><\/span><br \/>\n<input class=\"wpcf7-form-control wpcf7-submit has-spinner\" type=\"submit\" value=\"\u041e\u0442\u043f\u0440\u0430\u0432\u0438\u0442\u044c\" \/><\/span>\n<\/p>\n<p style=\"display: none !important;\" class=\"akismet-fields-container\" data-prefix=\"_wpcf7_ak_\"><label>&#916;<textarea name=\"_wpcf7_ak_hp_textarea\" cols=\"45\" rows=\"8\" maxlength=\"100\"><\/textarea><\/label><input type=\"hidden\" id=\"ak_js_1\" name=\"_wpcf7_ak_js\" value=\"30\"\/><script>document.getElementById( \"ak_js_1\" ).setAttribute( \"value\", ( new Date() ).getTime() );<\/script><\/p>\n<div class=\"wpcf7-response-output\" aria-hidden=\"true\"><\/div>\n<input type=\"hidden\" name=\"trp-form-language\" value=\"ru\"\/><\/form>\n<\/div>\n<\/div>\n<\/div><\/div><\/div><\/div><div id=\"pg-gb55-69e53bb7c798f-3\"  class=\"panel-grid panel-no-style\" ><div id=\"pgc-gb55-69e53bb7c798f-3-0\"  class=\"panel-grid-cell\" ><div id=\"panel-gb55-69e53bb7c798f-3-0-0\" class=\"so-panel widget widget_sow-editor panel-first-child panel-last-child\" data-index=\"9\" ><div\n\t\t\t\n\t\t\tclass=\"so-widget-sow-editor so-widget-sow-editor-base\"\n\t\t\t\n\t\t>\n<div class=\"siteorigin-widget-tinymce textwidget\">\n\t<p style=\"text-align: center;\"><strong><span style=\"color: #1e73be;\">Dane firmy:<\/span><\/strong><\/p>\n<p style=\"text-align: center;\"><span style=\"color: #1e73be;\"><strong>Biuro t\u0142umacze\u0144 &#8222;Ex Verbis&#8221; Karolina Romanowska<br \/>\n<\/strong><\/span><strong style=\"color: #1e73be;\">ul. Cha\u0142ubi\u0144skiego 9 lok. 2<br \/>\n<\/strong><span style=\"color: #1e73be;\"><strong>02-004 Warszawa<br \/>\ntel: +48 604 905 746<br \/>\n<\/strong><\/span><strong><span style=\"color: #1e73be;\">e-mail: exverbis@exverbis.pl<br \/>\nNIP: 113-209-76-69<br \/>\nREGON: 140420096<\/span><\/strong><\/p>\n<\/div>\n<\/div><\/div><\/div><\/div><\/div>\n\n<div\n\t\t\t\n\t\t\tclass=\"so-widget-sow-slider so-widget-sow-slider-default-6d39609536fd\"\n\t\t\t\n\t\t>\t\t\t\t<div class=\"sow-slider-base\" style=\"display: none\" tabindex=\"0\">\n\t\t\t\t\t<ul\n\t\t\t\t\tclass=\"sow-slider-images\"\n\t\t\t\t\tdata-settings=\"{&quot;pagination&quot;:true,&quot;speed&quot;:800,&quot;timeout&quot;:8000,&quot;paused&quot;:false,&quot;pause_on_hover&quot;:false,&quot;swipe&quot;:true,&quot;nav_always_show_desktop&quot;:&quot;&quot;,&quot;nav_always_show_mobile&quot;:&quot;&quot;,&quot;breakpoint&quot;:&quot;780px&quot;,&quot;unmute&quot;:false,&quot;anchor&quot;:null}\"\n\t\t\t\t\t\t\t\t\t\tdata-anchor-id=\"\"\n\t\t\t\t><\/ul>\t\t\t\t<ol class=\"sow-slider-pagination\">\n\t\t\t\t\t\t\t\t\t<\/ol>\n\n\t\t\t\t<div class=\"sow-slide-nav sow-slide-nav-next\">\n\t\t\t\t\t<a href=\"#\" data-goto=\"next\" aria-label=\"\u0421\u043b\u0435\u0434\u0443\u044e\u0449\u0438\u0439 \u0441\u043b\u0430\u0439\u0434\" data-action=\"next\">\n\t\t\t\t\t\t<em class=\"sow-sld-icon-thin-right\"><\/em>\n\t\t\t\t\t<\/a>\n\t\t\t\t<\/div>\n\n\t\t\t\t<div class=\"sow-slide-nav sow-slide-nav-prev\">\n\t\t\t\t\t<a href=\"#\" data-goto=\"previous\" aria-label=\"\u041f\u0440\u0435\u0434\u044b\u0434\u0443\u0449\u0438\u0439 \u0441\u043b\u0430\u0439\u0434\" data-action=\"prev\">\n\t\t\t\t\t\t<em class=\"sow-sld-icon-thin-left\"><\/em>\n\t\t\t\t\t<\/a>\n\t\t\t\t<\/div>\n\t\t\t\t<\/div><\/div>\n\n\n<p class=\"wp-block-paragraph\"><\/p>","protected":false},"excerpt":{"rendered":"<p>Zach\u0119cam do skorzystania z formularza kontaktowego \u2013 szybka i niezobowi\u0105zuj\u0105ca wycena oraz mo\u017cliwo\u015b\u0107 wst\u0119pnej rezerwacji terminu realizacji Pa\u0144stwa t\u0142umaczenia. Zapraszam do kontaktu w dw\u00f3ch lokalizacjach w Warszawie: Centrum \/ Ochota Praga Po\u0142udnie \/ Wawer\u00a0<\/p>","protected":false},"author":1,"featured_media":0,"parent":0,"menu_order":0,"comment_status":"closed","ping_status":"closed","template":"","meta":{"_crdt_document":"","footnotes":""},"class_list":["post-55","page","type-page","status-publish","hentry"],"aioseo_notices":[],"_links":{"self":[{"href":"https:\/\/exverbis.pl\/ru\/wp-json\/wp\/v2\/pages\/55","targetHints":{"allow":["GET"]}}],"collection":[{"href":"https:\/\/exverbis.pl\/ru\/wp-json\/wp\/v2\/pages"}],"about":[{"href":"https:\/\/exverbis.pl\/ru\/wp-json\/wp\/v2\/types\/page"}],"author":[{"embeddable":true,"href":"https:\/\/exverbis.pl\/ru\/wp-json\/wp\/v2\/users\/1"}],"replies":[{"embeddable":true,"href":"https:\/\/exverbis.pl\/ru\/wp-json\/wp\/v2\/comments?post=55"}],"version-history":[{"count":90,"href":"https:\/\/exverbis.pl\/ru\/wp-json\/wp\/v2\/pages\/55\/revisions"}],"predecessor-version":[{"id":1848,"href":"https:\/\/exverbis.pl\/ru\/wp-json\/wp\/v2\/pages\/55\/revisions\/1848"}],"wp:attachment":[{"href":"https:\/\/exverbis.pl\/ru\/wp-json\/wp\/v2\/media?parent=55"}],"curies":[{"name":"wp","href":"https:\/\/api.w.org\/{rel}","templated":true}]}}