{"id":1320,"date":"2024-10-01T22:11:33","date_gmt":"2024-10-01T20:11:33","guid":{"rendered":"https:\/\/exverbis.pl\/?post_type=product&#038;p=1320"},"modified":"2024-10-19T22:44:21","modified_gmt":"2024-10-19T20:44:21","slug":"by_au_5","status":"publish","type":"product","link":"https:\/\/exverbis.pl\/ru\/product\/by_au_5\/","title":{"rendered":"\u0421\u0432\u0438\u0434\u0435\u0442\u0435\u043b\u044c\u0441\u0442\u0432\u043e \u043e \u0440\u043e\u0436\u0434\u0435\u043d\u0438\u0438"},"content":{"rendered":"","protected":false},"excerpt":{"rendered":"<p><strong>T\u0142umaczenie po\u015bwiadczone bia\u0142oruskiego odpisu aktu urodzenia z j\u0119zyka rosyjskiego na polski <\/strong><\/p>\n<p>\u0414\u043e\u0431\u0430\u0432\u044c\u0442\u0435 \u0441\u043a\u0430\u043d \u0434\u043e\u043a\u0443\u043c\u0435\u043d\u0442\u0430 \u0434\u043b\u044f \u043f\u0435\u0440\u0435\u0432\u043e\u0434\u0430 \u2013 \u0412\u0421\u0415 \u0421\u0422\u0420\u0410\u041d\u0418\u0426\u042b (\u0432\u043a\u043b\u044e\u0447\u0430\u044f \u043e\u0431\u043b\u043e\u0436\u043a\u0443 \u0438 \u043e\u0431\u043e\u0440\u043e\u0442\u043d\u0443\u044e \u0441\u0442\u043e\u0440\u043e\u043d\u0443)\n\u0415\u0441\u043b\u0438 \u0432\u044b \u043f\u0440\u0438\u043a\u0440\u0435\u043f\u043b\u044f\u0435\u0442\u0435 \u0434\u043e\u043a\u0443\u043c\u0435\u043d\u0442 \u0432 \u0432\u0438\u0434\u0435 \u0444\u043e\u0442\u043e\u0433\u0440\u0430\u0444\u0438\u0438, \u043e\u0431\u044f\u0437\u0430\u0442\u0435\u043b\u044c\u043d\u043e \u043f\u0440\u0438\u0448\u043b\u0438\u0442\u0435 \u0442\u0430\u043a\u0436\u0435 \u0444\u043e\u0442\u043e \u0441\u0430\u043c\u043e\u0439 \u043f\u0435\u0447\u0430\u0442\u0438. \u041c\u0435\u043b\u043a\u0438\u0439 \u0448\u0440\u0438\u0444\u0442 \u043d\u0435 \u0432\u0441\u0435\u0433\u0434\u0430 \u043c\u043e\u0436\u043d\u043e \u043f\u0440\u043e\u0447\u0438\u0442\u0430\u0442\u044c \u043d\u0430 \u0444\u043e\u0442\u043e\u0433\u0440\u0430\u0444\u0438\u0438 \u0432\u0441\u0435\u0433\u043e \u0434\u043e\u043a\u0443\u043c\u0435\u043d\u0442\u0430.<br \/>\u0415\u0441\u043b\u0438 \u0432\u044b \u043f\u0440\u0438\u043a\u0440\u0435\u043f\u043b\u044f\u0435\u0442\u0435 \u0434\u043e\u043a\u0443\u043c\u0435\u043d\u0442 \u0432 \u0432\u0438\u0434\u0435 \u0444\u043e\u0442\u043e\u0433\u0440\u0430\u0444\u0438\u0438, \u043e\u0431\u044f\u0437\u0430\u0442\u0435\u043b\u044c\u043d\u043e \u043f\u0440\u0438\u0448\u043b\u0438\u0442\u0435 \u0442\u0430\u043a\u0436\u0435 \u0444\u043e\u0442\u043e \u0441\u0430\u043c\u043e\u0439 \u043f\u0435\u0447\u0430\u0442\u0438. \u041c\u0435\u043b\u043a\u0438\u0439 \u0448\u0440\u0438\u0444\u0442 \u043d\u0435 \u0432\u0441\u0435\u0433\u0434\u0430 \u043c\u043e\u0436\u043d\u043e \u043f\u0440\u043e\u0447\u0438\u0442\u0430\u0442\u044c \u043d\u0430 \u0444\u043e\u0442\u043e\u0433\u0440\u0430\u0444\u0438\u0438 \u0432\u0441\u0435\u0433\u043e \u0434\u043e\u043a\u0443\u043c\u0435\u043d\u0442\u0430.<\/p>","protected":false},"featured_media":1321,"comment_status":"closed","ping_status":"closed","template":"","meta":{"_crdt_document":""},"product_brand":[],"product_cat":[29,69,73,28],"product_tag":[56],"class_list":{"0":"post-1320","1":"product","2":"type-product","3":"status-publish","4":"has-post-thumbnail","6":"product_cat-akt-urodzenia","7":"product_cat-kc2","8":"product_cat-tp","9":"product_cat-wszystkie-dokumenty","10":"product_tag-by","11":"wcpa_has_options","13":"first","14":"instock","15":"virtual","16":"taxable","17":"purchasable","18":"product-type-simple"},"aioseo_notices":[],"wcpa_form_fields":{"wcpaData":{"product":{"product_price":120,"price_html":"<span class=\"woocommerce-Price-amount amount\"><bdi>120,00&nbsp;<span class=\"woocommerce-Price-currencySymbol\">&#122;&#322;<\/span><\/bdi><\/span>","original_product_price":120,"price_including_tax":120,"price_excluding_tax":120,"product_id":{"parent":1320,"variation":false},"is_variable":false,"stock_status":"instock","stock_quantity":null,"parent_sku":"BY_AU-5","product_attributes":{"pa_rodzaj-tlumaczenia":{"is_variation":false,"values":["tlumaczenie-poswiadczone"]}},"custom_fields":[],"is_taxable":true,"product_name":"Odpis aktu urodzenia","hasImage":false},"fields":{"sec_766926af4ac3a2":{"extra":{"key":"sec_766926af4ac3a2","section_id":"sec_766926af4ac3a2","name":"Default","status":1,"toggle":true,"form_id":774,"form_rules":{"exclude_from_discount":true,"fee_label":"Fee","disp_hide_options_price":false,"disp_show_section_price":false,"disp_show_field_price":true,"layout_option":"standard","pric_use_as_fee":false,"process_fee_as":"woo_fee"},"layout_option":"standard"},"fields":[[{"active":true,"col":6,"relations":false,"cl_rule":"show","enableCl":false,"price":"","enablePrice":false,"className":"","label_position":"default","desc_position":"default","type":"file","required":true,"elementId":"file_4689048301","name":"file_4689048301","label":"Pliki do t\u0142umaczenia","upload_type":"ajax","uploadSize":500,"file_types":["images","docs","design"],"error":false,"multiple_upload":true,"placeholder":"","description":"","fee_label":"","allowedFileTypes":"image\/*,.doc,.docx,.xml,.dot,.docm,.dotm,.dotx,.htm,.html,.odt,.pdf,.rtf,.txt,.wps,.xps,application\/msword,application\/vnd,.psd,.eps,.ai,.indd,.raw","gt_translate_keys":["label","placeholder","description"],"price_dependency":false,"cl_dependency":false,"value":""}],[{"active":true,"col":6,"relations":false,"cl_rule":"show","enableCl":false,"price":"","enablePrice":false,"className":"","label_position":"default","desc_position":"default","type":"radio-group","required":true,"elementId":"radio_6775512241","label":"Czy posiadasz orygina\u0142 dokumentu i mo\u017cesz okaza\u0107 go przy odbiorze","name":"radio_6775512241","values":[{"label":"Tak","value":"Tak","selected":false,"tempId":"aco_1400","gt_translate_keys":["label"]},{"label":"Nie","value":"Nie","selected":false,"tempId":"aco_1401","gt_translate_keys":["label"]}],"layOut":"col-2","error":false,"checkUi":"","tooltip":"Na t\u0142umaczeniu umieszcza si\u0119 informacj\u0119 czy t\u0142umaczenie zosta\u0142o ono sporz\u0105dzone z orygina\u0142u, czy z kopii.","gt_translate_keys":["label","tooltip"],"price_dependency":false,"cl_dependency":false,"value":""}],[{"active":true,"col":6,"relations":[{"operator":false,"rules":[{"operator":"AND","rules":{"cl_field":"","cl_relation":"","cl_val":""}}]}],"cl_rule":"show","enableCl":true,"price":"","enablePrice":false,"className":"order-names-option","type":"radio-group","required":true,"elementId":"radio_8716836821","label":"Pisownia imion i nazwisk zgodnie z paszportem (alfabetem  \u0142aci\u0144skim lub rosyjskim \u2013 w zale\u017cno\u015bci od kierunku t\u0142umaczenia) ","name":"radio_8716836821","values":[{"label":"Za\u0142\u0105czam pliki z pisowni\u0105 (np. skan paszportu lub plik z wypisanymi danymi)","value":"Option - 1","selected":false,"tempId":"aco_352","gt_translate_keys":["label"]},{"label":"Wype\u0142niam formularz teraz (je\u015bli 4 pola to za ma\u0142o, lub nie jeste\u015b teraz pewien wszystkich  danych zalecamy skorzysta\u0107 z opcji \u201eWype\u0142ni\u0119 formularz p\u00f3\u017aniej\u201d)","value":"Option - 2","selected":false,"tempId":"aco_353","gt_translate_keys":["label"]},{"label":"Wype\u0142ni\u0119 formularz p\u00f3\u017aniej  i ode\u015bl\u0119 mailem w ci\u0105gu 24h).","value":"Option - 3","selected":false,"tempId":"aco_354","gt_translate_keys":["label"]}],"error":false,"layOut":"","checkUi":"","description":"","hideFieldIn_cart":true,"tooltip":"Zalecamy ukrycie wszystkich danych poza imieniem i nazwiskiem","gt_translate_keys":["label","description","tooltip"],"price_dependency":false,"cl_dependency":["file-0041995635","text_1749747218","text-2081695375","text-2081462367","text-2080902359","text-2080219351","text-1533573459","text_1880317329","text-1568363556","url_3831621444"],"value":""}],[{"label":"Za\u0142\u0105czam pliki z pisowni\u0105 (np. paszport)","active":true,"required":false,"elementId":"file-0041995635","upload_type":"ajax","file_types":["images","docs","design"],"name":"file-0041995635","label_position":"default","desc_position":"default","enablePrice":false,"className":"order-names-docs","enableCl":true,"relations":[{"operator":false,"rules":[{"operator":"AND","rules":{"cl_field":"radio_8716836821","cl_relation":"is","cl_val":"Option - 1"}}]}],"uploadSize":500,"multiple_upload":true,"price":"","cl_rule":"show","col":6,"type":"file","allowedFileTypes":"image\/*,.doc,.docx,.xml,.dot,.docm,.dotm,.dotx,.htm,.html,.odt,.pdf,.rtf,.txt,.wps,.xps,application\/msword,application\/vnd,.psd,.eps,.ai,.indd,.raw","gt_translate_keys":["label"],"price_dependency":false,"cl_dependency":false,"value":""}],[{"active":true,"col":3,"relations":[{"operator":false,"rules":[{"operator":"AND","rules":{"cl_field":"radio_8716836821","cl_relation":"is","cl_val":"Option - 2"}}]}],"cl_rule":"show","enableCl":true,"price":"","enablePrice":false,"className":"order-names-name","type":"text","subtype":"text","required":true,"elementId":"text_1749747218","label":"Imi\u0119 1","name":"text_1749747218","value":"","error":false,"hideFieldIn_cart":true,"gt_translate_keys":["label","value"],"price_dependency":false,"cl_dependency":false},{"label":"Nazwisko 1","active":true,"required":true,"elementId":"text-2081695375","value":"","name":"text-2081695375","className":"order-names-name","enableCl":true,"relations":[{"operator":false,"rules":[{"operator":"AND","rules":{"cl_field":"radio_8716836821","cl_relation":"is","cl_val":"Option - 2"}}]}],"subtype":"text","cl_rule":"show","col":3,"type":"text","error":false,"hideFieldIn_cart":true,"gt_translate_keys":["label","value"],"price_dependency":false,"cl_dependency":false}],[{"label":"Imi\u0119 2","active":true,"required":false,"elementId":"text-2081462367","value":"","name":"text-2081462367","className":"order-names-name","enableCl":true,"relations":[{"operator":false,"rules":[{"operator":"AND","rules":{"cl_field":"radio_8716836821","cl_relation":"is","cl_val":"Option - 2"}}]}],"subtype":"text","cl_rule":"show","col":3,"type":"text","error":false,"hideFieldIn_cart":true,"gt_translate_keys":["label","value"],"price_dependency":false,"cl_dependency":false},{"label":"Nazwisko 2","active":true,"required":false,"elementId":"text-2080902359","value":"","name":"text-2080902359","className":"order-names-name","enableCl":true,"relations":[{"operator":false,"rules":[{"operator":"AND","rules":{"cl_field":"radio_8716836821","cl_relation":"is","cl_val":"Option - 2"}}]}],"subtype":"text","cl_rule":"show","col":3,"type":"text","error":false,"hideFieldIn_cart":true,"gt_translate_keys":["label","value"],"price_dependency":false,"cl_dependency":false}],[{"label":"Imi\u0119 3","active":true,"required":false,"elementId":"text-2080219351","value":"","name":"text-2080219351","className":"order-names-name","enableCl":true,"relations":[{"operator":false,"rules":[{"operator":"AND","rules":{"cl_field":"radio_8716836821","cl_relation":"is","cl_val":"Option - 2"}}]}],"subtype":"text","cl_rule":"show","col":3,"type":"text","error":false,"hideFieldIn_cart":true,"gt_translate_keys":["label","value"],"price_dependency":false,"cl_dependency":false},{"label":"Nazwisko 3","active":true,"required":false,"elementId":"text-1533573459","value":"","name":"text-1533573459","className":"order-names-name","enableCl":true,"relations":[{"operator":false,"rules":[{"operator":"AND","rules":{"cl_field":"radio_8716836821","cl_relation":"is","cl_val":"Option - 2"}}]}],"subtype":"text","cl_rule":"show","col":3,"type":"text","error":false,"gt_translate_keys":["label","value"],"price_dependency":false,"cl_dependency":false}],[{"active":true,"col":3,"relations":[{"operator":false,"rules":[{"operator":"AND","rules":{"cl_field":"radio_8716836821","cl_relation":"is","cl_val":"Option - 2"}}]}],"cl_rule":"show","enableCl":true,"price":"","enablePrice":false,"className":"order-names-name","type":"text","subtype":"text","required":false,"elementId":"text_1880317329","label":"Imi\u0119 4","name":"text_1880317329","value":"","error":false,"hideFieldIn_cart":true,"gt_translate_keys":["label","value"],"price_dependency":false,"cl_dependency":false},{"label":"Nazwisko 4","active":true,"required":false,"elementId":"text-1568363556","value":"","name":"text-1568363556","enablePrice":false,"className":"order-names-name","enableCl":true,"relations":[{"operator":false,"rules":[{"operator":"AND","rules":{"cl_field":"radio_8716836821","cl_relation":"is","cl_val":"Option - 2"}}]}],"subtype":"text","price":"","cl_rule":"show","col":3,"type":"text","error":false,"gt_translate_keys":["label","value"],"price_dependency":false,"cl_dependency":false}],[{"active":true,"col":6,"relations":[{"operator":false,"rules":[{"operator":"AND","rules":{"cl_field":"radio_8716836821","cl_relation":"is","cl_val":"Option - 3"}}]}],"cl_rule":"show","enableCl":true,"price":"","enablePrice":false,"className":"","label_position":"default","desc_position":"default","type":"url","required":false,"elementId":"url_3831621444","label":"Pobierz plik na swoje urz\u0105dzenie, wype\u0142nij i ode\u015blij na adres exverbis@exverbis.pl","name":"url_3831621444","value":"https:\/\/exverbis.pl\/pliki-do-probrania\/","allow_multiple":false,"error":false,"gt_translate_keys":["label","value"],"price_dependency":false,"cl_dependency":false}],[{"active":true,"col":6,"relations":[{"operator":false,"rules":[{"operator":"AND","rules":{"cl_field":"checkbox_1718075685","cl_relation":"is","cl_val":true}}]}],"cl_rule":"show","enableCl":false,"price":"{value}*30","enablePrice":true,"className":"","label_position":"default","desc_position":"default","type":"number","required":false,"elementId":"number_0393622151","label":"Dodatkowe egzemplarze t\u0142umaczenia (cena podstawowa obejmuje 1 (jeden) egzemplarz)","name":"number_0393622151","value":"0","error":false,"pricingType":"custom","isTemplate":false,"tooltip":"Cena dodatkowego egzemplarza zamawianego wraz z t\u0142umaczeniem \u2013 30% ceny podstawowej, w pozosta\u0142ych przypadkach \u2013 50%-100%","enableDesign":true,"gt_translate_keys":["label","value","tooltip"],"price_dependency":false,"cl_dependency":false}]]}},"config":{"price_override":"","enable_recaptcha":false,"bind_quantity":false,"quantity_bind_formula":false,"disp_summ_show_option_price":true,"disp_summ_show_product_price":true,"disp_summ_show_total_price":true,"disp_summ_show_fee":false,"disp_summ_show_discount":false,"summary_title":"","options_total_label":"Us\u0142ugi dodatkowe","total_label":"\u0141\u0105czna warto\u015b\u0107 zam\u00f3wienia","options_product_label":"Cena t\u0142umaczenia","fee_label":"Fee","discount_label":"Discount","has_price":true,"has_quantity_formula":false},"mc_unit":1,"tax_rate":1,"tax_rate_real":0,"discount":{"percentage":0,"fixed":0},"design":{"conf":{"LabelPosition":"above","DescPosition":"above","UploadField":"custom_1","QuantityFieldStyle":"default"},"css":{"LeftLabelWidth":"120px"}},"formulas":[],"lookuptables":[],"clones":false,"cartKey":false}},"_links":{"self":[{"href":"https:\/\/exverbis.pl\/ru\/wp-json\/wp\/v2\/product\/1320","targetHints":{"allow":["GET"]}}],"collection":[{"href":"https:\/\/exverbis.pl\/ru\/wp-json\/wp\/v2\/product"}],"about":[{"href":"https:\/\/exverbis.pl\/ru\/wp-json\/wp\/v2\/types\/product"}],"replies":[{"embeddable":true,"href":"https:\/\/exverbis.pl\/ru\/wp-json\/wp\/v2\/comments?post=1320"}],"wp:featuredmedia":[{"embeddable":true,"href":"https:\/\/exverbis.pl\/ru\/wp-json\/wp\/v2\/media\/1321"}],"wp:attachment":[{"href":"https:\/\/exverbis.pl\/ru\/wp-json\/wp\/v2\/media?parent=1320"}],"wp:term":[{"taxonomy":"product_brand","embeddable":true,"href":"https:\/\/exverbis.pl\/ru\/wp-json\/wp\/v2\/product_brand?post=1320"},{"taxonomy":"product_cat","embeddable":true,"href":"https:\/\/exverbis.pl\/ru\/wp-json\/wp\/v2\/product_cat?post=1320"},{"taxonomy":"product_tag","embeddable":true,"href":"https:\/\/exverbis.pl\/ru\/wp-json\/wp\/v2\/product_tag?post=1320"}],"curies":[{"name":"wp","href":"https:\/\/api.w.org\/{rel}","templated":true}]}}