{"id":1487,"date":"2024-10-20T13:01:16","date_gmt":"2024-10-20T11:01:16","guid":{"rendered":"https:\/\/exverbis.pl\/?post_type=product&#038;p=1487"},"modified":"2024-11-07T23:03:50","modified_gmt":"2024-11-07T22:03:50","slug":"tlumaczenie-zwykle-aktu-urodzenia","status":"publish","type":"product","link":"https:\/\/exverbis.pl\/ru\/product\/tlumaczenie-zwykle-aktu-urodzenia\/","title":{"rendered":"Archiwalny akt urodzenia"},"content":{"rendered":"","protected":false},"excerpt":{"rendered":"<p><strong>T\u0142umaczenie zwyk\u0142e aktu urodzenia sporz\u0105dzonego w ksi\u0119gach parafialnych, zborowych, wsp\u00f3lnotowych.<\/strong><\/p>\n<p><strong>T\u0142umaczenie do cel\u00f3w prywatnych<\/strong>.<br \/>&#8211; potwierdzenie nazwiska, imienia, daty urodzenia, wyznania,<br \/>&#8211; poszukiwania genealogiczne<br \/>&#8211; badanie historii rodziny<\/p>\n<p>Jestem w stanie przet\u0142umaczy\u0107 praktycznie ka\u017cdy dokument, T\u0142umaczenie r\u0119kopis\u00f3w z j\u0119zyka rosyjskiego stanowi jeden z g\u0142\u00f3wnych kierunk\u00f3w mojej dzia\u0142alno\u015bci, zajmuj\u0119 si\u0119 tym rodzajem t\u0142umacze\u0144 od ponad 20 lat. T\u0142umacz\u0119 zar\u00f3wno dla s\u0105d\u00f3w, kancelarii prawnych jak i klient\u00f3w indywidualnych.<\/p>","protected":false},"featured_media":1429,"comment_status":"open","ping_status":"closed","template":"","meta":{"_crdt_document":""},"product_brand":[],"product_cat":[93,28],"product_tag":[53,55],"class_list":{"0":"post-1487","1":"product","2":"type-product","3":"status-publish","4":"has-post-thumbnail","6":"product_cat-tzr","7":"product_cat-wszystkie-dokumenty","8":"product_tag-ap","9":"product_tag-genealogia","10":"wcpa_has_options","12":"first","13":"instock","14":"purchasable","15":"product-type-simple"},"aioseo_notices":[],"wcpa_form_fields":{"wcpaData":{"product":{"product_price":120,"price_html":"<span class=\"woocommerce-Price-amount amount\"><bdi>120,00&nbsp;<span class=\"woocommerce-Price-currencySymbol\">&#122;&#322;<\/span><\/bdi><\/span>","original_product_price":120,"price_including_tax":120,"price_excluding_tax":120,"product_id":{"parent":1487,"variation":false},"is_variable":false,"stock_status":"instock","stock_quantity":null,"parent_sku":"TZR-1","product_attributes":{"pa_rodzaj-tlumaczenia":{"is_variation":false,"values":["tzr"]}},"custom_fields":[],"is_taxable":false,"product_name":"Archiwalny akt urodzenia","hasImage":false},"fields":{"sec_5671410ed5fe2f":{"extra":{"key":"sec_5671410ed5fe2f","section_id":"sec_5671410ed5fe2f","name":"Default","status":1,"toggle":true,"form_id":1481,"form_rules":{"exclude_from_discount":true,"fee_label":"Fee","disp_hide_options_price":false,"disp_show_section_price":false,"disp_show_field_price":true,"layout_option":"standard","pric_use_as_fee":false,"process_fee_as":"woo_fee"},"layout_option":"standard"},"fields":[[{"active":true,"col":6,"relations":false,"cl_rule":"show","enableCl":false,"price":"","enablePrice":false,"className":"","label_position":"default","desc_position":"default","type":"file","required":true,"elementId":"file_5671410ed5fe87","name":"file_5671410ed5fe87","label":"Pliki do t\u0142umaczenia","upload_type":"ajax","uploadSize":500,"file_types":["images","docs","design"],"error":false,"multiple_upload":true,"placeholder":"","description":"","fee_label":"","allowedFileTypes":"image\/*,.doc,.docx,.xml,.dot,.docm,.dotm,.dotx,.htm,.html,.odt,.pdf,.rtf,.txt,.wps,.xps,application\/msword,application\/vnd,.psd,.eps,.ai,.indd,.raw","gt_translate_keys":["label","placeholder","description"],"price_dependency":false,"cl_dependency":false,"value":""}],[{"active":true,"col":6,"relations":false,"cl_rule":"show","enableCl":false,"price":"","enablePrice":false,"className":"","label_position":"default","desc_position":"default","type":"text","subtype":"text","required":true,"elementId":"text_4224058291","label":"Na jaki adres e-mail ma by\u0107 wys\u0142ane t\u0142umaczenie?","name":"text_4224058291","value":"","error":false,"gt_translate_keys":["label","value"],"price_dependency":false,"cl_dependency":false}],[{"active":true,"col":6,"relations":[],"cl_rule":"show","enableCl":false,"price":"","enablePrice":false,"className":"","label_position":"default","desc_position":"default","type":"radio-group","required":true,"elementId":"radio_4258541931","label":"Czy poza wersj\u0105 elektroniczn\u0105 potrzebujesz tak\u017ce wydruk t\u0142umaczenia?","name":"radio_4258541931","values":[{"label":"Nie, wystarczy mi wersja elektroniczna","value":"Nie, wystarczy mi wersja elektroniczna","selected":false,"tempId":"aco_897","gt_translate_keys":["label"]},{"label":"Tak, potrzebuj\u0119 wydruk t\u0142umaczenia","value":"Tak, potrzebuj\u0119 wydruk t\u0142umaczenia","selected":false,"tempId":"aco_436","gt_translate_keys":["label"]}],"layOut":"col-2","error":false,"checkUi":"","gt_translate_keys":["label"],"price_dependency":false,"cl_dependency":["radio_2463614874"],"value":""}],[{"active":true,"col":6,"relations":[{"operator":false,"rules":[{"operator":"AND","rules":{"cl_field":"radio_4258541931","cl_relation":"is","cl_val":"Nie, wystarczy mi wersja elektroniczna"}}]}],"cl_rule":"hide","enableCl":true,"price":"","enablePrice":false,"className":"","label_position":"default","desc_position":"default","type":"radio-group","required":false,"elementId":"radio_2463614874","label":"W kt\u00f3rym biurze odbierzesz wydruki?","name":"radio_2463614874","values":[{"label":"Cha\u0142ubi\u0144skiego 9 lok. 2","value":"Cha\u0142ubi\u0144skiego 9 lok. 2","selected":false,"tempId":"aco_1337","gt_translate_keys":["label"]},{"label":"Murma\u0144ska 11 lok. 35","value":"Murma\u0144ska 11 lok. 35","selected":false,"tempId":"aco_1338","gt_translate_keys":["label"]}],"layOut":"col-2","error":false,"checkUi":"","other":false,"gt_translate_keys":["label"],"price_dependency":false,"cl_dependency":false,"value":""}]]}},"config":{"price_override":"","enable_recaptcha":false,"bind_quantity":false,"quantity_bind_formula":false,"disp_summ_show_option_price":true,"disp_summ_show_product_price":true,"disp_summ_show_total_price":true,"disp_summ_show_fee":false,"disp_summ_show_discount":false,"summary_title":"","options_total_label":"Us\u0142ugi dodatkowe","total_label":"\u0141\u0105czna warto\u015b\u0107 zam\u00f3wienia","options_product_label":"Cena t\u0142umaczenia","fee_label":"Fee","discount_label":"Discount","has_price":true,"has_quantity_formula":false},"mc_unit":1,"tax_rate":1,"tax_rate_real":1,"discount":{"percentage":0,"fixed":0},"design":{"conf":{"LabelPosition":"above","DescPosition":"above","UploadField":"custom_1","QuantityFieldStyle":"default"},"css":{"LeftLabelWidth":"120px"}},"formulas":[],"lookuptables":[],"clones":false,"cartKey":false}},"_links":{"self":[{"href":"https:\/\/exverbis.pl\/ru\/wp-json\/wp\/v2\/product\/1487","targetHints":{"allow":["GET"]}}],"collection":[{"href":"https:\/\/exverbis.pl\/ru\/wp-json\/wp\/v2\/product"}],"about":[{"href":"https:\/\/exverbis.pl\/ru\/wp-json\/wp\/v2\/types\/product"}],"replies":[{"embeddable":true,"href":"https:\/\/exverbis.pl\/ru\/wp-json\/wp\/v2\/comments?post=1487"}],"wp:featuredmedia":[{"embeddable":true,"href":"https:\/\/exverbis.pl\/ru\/wp-json\/wp\/v2\/media\/1429"}],"wp:attachment":[{"href":"https:\/\/exverbis.pl\/ru\/wp-json\/wp\/v2\/media?parent=1487"}],"wp:term":[{"taxonomy":"product_brand","embeddable":true,"href":"https:\/\/exverbis.pl\/ru\/wp-json\/wp\/v2\/product_brand?post=1487"},{"taxonomy":"product_cat","embeddable":true,"href":"https:\/\/exverbis.pl\/ru\/wp-json\/wp\/v2\/product_cat?post=1487"},{"taxonomy":"product_tag","embeddable":true,"href":"https:\/\/exverbis.pl\/ru\/wp-json\/wp\/v2\/product_tag?post=1487"}],"curies":[{"name":"wp","href":"https:\/\/api.w.org\/{rel}","templated":true}]}}